{"id":962,"date":"2022-07-03T20:47:04","date_gmt":"2022-07-03T18:47:04","guid":{"rendered":"https:\/\/legio.fi\/?page_id=962"},"modified":"2024-10-09T21:44:47","modified_gmt":"2024-10-09T18:44:47","slug":"legiosport","status":"publish","type":"page","link":"https:\/\/legio.fi\/en\/jasenyys\/legiosport\/","title":{"rendered":"LegioSport"},"content":{"rendered":"<div data-elementor-type=\"wp-page\" data-elementor-id=\"962\" class=\"elementor elementor-962\">\n\t\t\t\t\t\t<section class=\"elementor-section elementor-top-section elementor-element elementor-element-5131a13e elementor-section-height-min-height elementor-section-full_width elementor-section-height-default elementor-section-items-middle\" data-id=\"5131a13e\" data-element_type=\"section\" data-e-type=\"section\" data-settings=\"{&quot;background_background&quot;:&quot;classic&quot;}\">\n\t\t\t\t\t\t\t<div class=\"elementor-background-overlay\"><\/div>\n\t\t\t\t\t\t\t<div class=\"elementor-container elementor-column-gap-default\">\n\t\t\t\t\t<div class=\"elementor-column elementor-col-100 elementor-top-column elementor-element elementor-element-1053ca7a\" data-id=\"1053ca7a\" data-element_type=\"column\" data-e-type=\"column\">\n\t\t\t<div class=\"elementor-widget-wrap elementor-element-populated\">\n\t\t\t\t\t\t<div class=\"elementor-element elementor-element-3d99e122 elementor-widget elementor-widget-heading\" data-id=\"3d99e122\" data-element_type=\"widget\" data-e-type=\"widget\" data-widget_type=\"heading.default\">\n\t\t\t\t<div class=\"elementor-widget-container\">\n\t\t\t\t\t<h1 class=\"elementor-heading-title elementor-size-default\">Legio Sport<\/h1>\t\t\t\t<\/div>\n\t\t\t\t<\/div>\n\t\t\t\t\t<\/div>\n\t\t<\/div>\n\t\t\t\t\t<\/div>\n\t\t<\/section>\n\t\t\t\t<section class=\"elementor-section elementor-top-section elementor-element elementor-element-6f41a9b elementor-section-content-middle elementor-reverse-mobile elementor-section-boxed elementor-section-height-default elementor-section-height-default\" data-id=\"6f41a9b\" data-element_type=\"section\" data-e-type=\"section\">\n\t\t\t\t\t\t<div class=\"elementor-container elementor-column-gap-extended\">\n\t\t\t\t\t<div class=\"elementor-column elementor-col-33 elementor-top-column elementor-element elementor-element-bed7cc8\" data-id=\"bed7cc8\" data-element_type=\"column\" data-e-type=\"column\">\n\t\t\t<div class=\"elementor-widget-wrap elementor-element-populated\">\n\t\t\t\t\t\t<div class=\"elementor-element elementor-element-8cf9f0b elementor-widget elementor-widget-image\" data-id=\"8cf9f0b\" data-element_type=\"widget\" data-e-type=\"widget\" data-widget_type=\"image.default\">\n\t\t\t\t<div class=\"elementor-widget-container\">\n\t\t\t\t\t\t\t\t\t\t\t\t\t\t\t<img fetchpriority=\"high\" decoding=\"async\" width=\"641\" height=\"1140\" src=\"https:\/\/legio.fi\/wp-content\/uploads\/2022\/07\/legio-sport-logo-2-641x1140-2.png\" class=\"attachment-full size-full wp-image-874\" alt=\"\" srcset=\"https:\/\/legio.fi\/wp-content\/uploads\/2022\/07\/legio-sport-logo-2-641x1140-2.png.webp 641w, https:\/\/legio.fi\/wp-content\/uploads\/2022\/07\/legio-sport-logo-2-641x1140-2-600x1067.png.webp 600w, https:\/\/legio.fi\/wp-content\/uploads\/2022\/07\/legio-sport-logo-2-641x1140-2-169x300.png.webp 169w, https:\/\/legio.fi\/wp-content\/uploads\/2022\/07\/legio-sport-logo-2-641x1140-2-576x1024.png.webp 576w\" sizes=\"(max-width: 641px) 100vw, 641px\" \/>\t\t\t\t\t\t\t\t\t\t\t\t\t\t\t<\/div>\n\t\t\t\t<\/div>\n\t\t\t\t\t<\/div>\n\t\t<\/div>\n\t\t\t\t<div class=\"elementor-column elementor-col-66 elementor-top-column elementor-element elementor-element-596f4ad\" data-id=\"596f4ad\" data-element_type=\"column\" data-e-type=\"column\">\n\t\t\t<div class=\"elementor-widget-wrap elementor-element-populated\">\n\t\t\t\t\t\t<div class=\"elementor-element elementor-element-56c2470 elementor-widget elementor-widget-text-editor\" data-id=\"56c2470\" data-element_type=\"widget\" data-e-type=\"widget\" data-widget_type=\"text-editor.default\">\n\t\t\t\t<div class=\"elementor-widget-container\">\n\t\t\t\t\t\t\t\t\t<p>Legio Sport is Legion own sport section. Legio Sport tries to take care of the well-being of its members. Legio Sport organizes weekly sport sessions together with Judica ry (law students) and Optimi ry (business students). Legio Sport also organizes sport trial sessions every six months. At the sport trial sessions, we have tested for example archery, yoga and climbing.<\/p><p>Legio\u2019s weekly sport trial sessions are organized every Tuesday at 20-22 pm at the L\u00e4nsikatu School. The address is Tulliportinkatu 1, 80130 Joensuu, Finland. You must have sykett\u00e4-sticker that you can come to play.  The @legiorysport Instagram account is worth monitoring, because it publishes up-to-date information about e.g. sport evening times. There you can also find which kind of sports are played every week at the sport sessions.\u00a0<\/p><p>You can find more information about SYKETT\u00c4 services and buy the sticker on the website at <a href=\"https:\/\/xn--sykett-gua.fi\/joensuu\/fi\/\">sykett\u00e4.fi<\/a>. Other information about the SYKETT\u00c4 services can be found from the website.\u00a0<\/p><p>Contact regarding sports trial ideas and matters related to the development of legio members well-being via email hallitus.legio@uef.fi or Instagram @legiorysport .<\/p>\t\t\t\t\t\t\t\t<\/div>\n\t\t\t\t<\/div>\n\t\t\t\t\t<\/div>\n\t\t<\/div>\n\t\t\t\t\t<\/div>\n\t\t<\/section>\n\t\t\t\t<section class=\"elementor-section elementor-top-section elementor-element elementor-element-38cb9bf elementor-section-boxed elementor-section-height-default elementor-section-height-default\" data-id=\"38cb9bf\" data-element_type=\"section\" data-e-type=\"section\">\n\t\t\t\t\t\t<div class=\"elementor-container elementor-column-gap-default\">\n\t\t\t\t\t<div class=\"elementor-column elementor-col-100 elementor-top-column elementor-element elementor-element-b7b2cd9\" data-id=\"b7b2cd9\" data-element_type=\"column\" data-e-type=\"column\">\n\t\t\t<div class=\"elementor-widget-wrap elementor-element-populated\">\n\t\t\t\t\t\t<div class=\"elementor-element elementor-element-fca95ec elementor-widget elementor-widget-spacer\" data-id=\"fca95ec\" data-element_type=\"widget\" data-e-type=\"widget\" data-widget_type=\"spacer.default\">\n\t\t\t\t<div class=\"elementor-widget-container\">\n\t\t\t\t\t\t\t<div class=\"elementor-spacer\">\n\t\t\t<div class=\"elementor-spacer-inner\"><\/div>\n\t\t<\/div>\n\t\t\t\t\t\t<\/div>\n\t\t\t\t<\/div>\n\t\t\t\t\t<\/div>\n\t\t<\/div>\n\t\t\t\t\t<\/div>\n\t\t<\/section>\n\t\t\t\t<section class=\"elementor-section elementor-top-section elementor-element elementor-element-0e374f3 elementor-hidden-mobile elementor-section-boxed elementor-section-height-default elementor-section-height-default\" data-id=\"0e374f3\" data-element_type=\"section\" data-e-type=\"section\">\n\t\t\t\t\t\t<div class=\"elementor-container elementor-column-gap-default\">\n\t\t\t\t\t<div class=\"elementor-column elementor-col-100 elementor-top-column elementor-element elementor-element-78ea745\" data-id=\"78ea745\" data-element_type=\"column\" data-e-type=\"column\">\n\t\t\t<div class=\"elementor-widget-wrap elementor-element-populated\">\n\t\t\t\t\t\t<div class=\"elementor-element elementor-element-debb5e6 elementor-widget elementor-widget-spacer\" data-id=\"debb5e6\" data-element_type=\"widget\" data-e-type=\"widget\" data-widget_type=\"spacer.default\">\n\t\t\t\t<div class=\"elementor-widget-container\">\n\t\t\t\t\t\t\t<div class=\"elementor-spacer\">\n\t\t\t<div class=\"elementor-spacer-inner\"><\/div>\n\t\t<\/div>\n\t\t\t\t\t\t<\/div>\n\t\t\t\t<\/div>\n\t\t\t\t\t<\/div>\n\t\t<\/div>\n\t\t\t\t\t<\/div>\n\t\t<\/section>\n\t\t\t\t<\/div>","protected":false},"excerpt":{"rendered":"<p>Legio Sport Legio Sport on Legion oma liikuntajaosto, joka huolehtii legiolaisten hyvinvoinnista muun muassa j\u00e4rjest\u00e4m\u00e4ll\u00e4 viikoittaisia lajivuoroja yhdess\u00e4 Judica ry:n ja Optimi ry:n kanssa. Legio Sport j\u00e4rjest\u00e4\u00e4 my\u00f6s lajikokeiluja noin puolen vuoden v\u00e4lein. Lajikokeiluissa on mahdollista p\u00e4\u00e4st\u00e4 kokeilemaan erilaisia urheilulajeja yhdess\u00e4 muiden legiolaisten kanssa. Lajikokeiluissa on aikaisemmin testattu muun muassa jousiammuntaa, joogaa ja kiipeily\u00e4. Legion [&hellip;]<\/p>\n","protected":false},"author":4,"featured_media":0,"parent":528,"menu_order":0,"comment_status":"closed","ping_status":"closed","template":"elementor_header_footer","meta":{"site-sidebar-layout":"no-sidebar","site-content-layout":"page-builder","ast-site-content-layout":"default","site-content-style":"default","site-sidebar-style":"default","ast-global-header-display":"","ast-banner-title-visibility":"","ast-main-header-display":"","ast-hfb-above-header-display":"","ast-hfb-below-header-display":"","ast-hfb-mobile-header-display":"","site-post-title":"disabled","ast-breadcrumbs-content":"","ast-featured-img":"","footer-sml-layout":"","ast-disable-related-posts":"","theme-transparent-header-meta":"enabled","adv-header-id-meta":"","stick-header-meta":"","header-above-stick-meta":"","header-main-stick-meta":"","header-below-stick-meta":"","astra-migrate-meta-layouts":"default","ast-page-background-enabled":"default","ast-page-background-meta":{"desktop":{"background-color":"","background-image":"","background-repeat":"repeat","background-position":"center center","background-size":"auto","background-attachment":"scroll","background-type":"","background-media":"","overlay-type":"","overlay-color":"","overlay-opacity":"","overlay-gradient":""},"tablet":{"background-color":"","background-image":"","background-repeat":"repeat","background-position":"center center","background-size":"auto","background-attachment":"scroll","background-type":"","background-media":"","overlay-type":"","overlay-color":"","overlay-opacity":"","overlay-gradient":""},"mobile":{"background-color":"","background-image":"","background-repeat":"repeat","background-position":"center center","background-size":"auto","background-attachment":"scroll","background-type":"","background-media":"","overlay-type":"","overlay-color":"","overlay-opacity":"","overlay-gradient":""}},"ast-content-background-meta":{"desktop":{"background-color":"var(--ast-global-color-5)","background-image":"","background-repeat":"repeat","background-position":"center center","background-size":"auto","background-attachment":"scroll","background-type":"","background-media":"","overlay-type":"","overlay-color":"","overlay-opacity":"","overlay-gradient":""},"tablet":{"background-color":"var(--ast-global-color-5)","background-image":"","background-repeat":"repeat","background-position":"center center","background-size":"auto","background-attachment":"scroll","background-type":"","background-media":"","overlay-type":"","overlay-color":"","overlay-opacity":"","overlay-gradient":""},"mobile":{"background-color":"var(--ast-global-color-5)","background-image":"","background-repeat":"repeat","background-position":"center center","background-size":"auto","background-attachment":"scroll","background-type":"","background-media":"","overlay-type":"","overlay-color":"","overlay-opacity":"","overlay-gradient":""}},"footnotes":""},"class_list":["post-962","page","type-page","status-publish","hentry"],"yoast_head":"<!-- This site is optimized with the Yoast SEO plugin v27.3 - https:\/\/yoast.com\/product\/yoast-seo-wordpress\/ -->\n<title>LegioSport - Legio Ostiensis ry<\/title>\n<meta name=\"description\" content=\"Legio Sport on Legion oma liikuntajaosto, joka huolehtii legiolaisten hyvinvoinnista j\u00e4rkk\u00e4\u00e4m\u00e4ll\u00e4 viikottaiset liikuntavuorot yhdess\u00e4 Judican ja Optimin kanssa sek\u00e4 kuukausittaiset lajikokeilut.\" \/>\n<meta name=\"robots\" content=\"index, follow, max-snippet:-1, max-image-preview:large, max-video-preview:-1\" \/>\n<link rel=\"canonical\" href=\"https:\/\/legio.fi\/en\/jasenyys\/legiosport\/\" \/>\n<meta property=\"og:locale\" content=\"en_GB\" \/>\n<meta property=\"og:type\" content=\"article\" \/>\n<meta property=\"og:title\" content=\"LegioSport - Legio Ostiensis ry\" \/>\n<meta property=\"og:description\" content=\"Legio Sport on Legion oma liikuntajaosto, joka huolehtii legiolaisten hyvinvoinnista j\u00e4rkk\u00e4\u00e4m\u00e4ll\u00e4 viikottaiset liikuntavuorot yhdess\u00e4 Judican ja Optimin kanssa sek\u00e4 kuukausittaiset lajikokeilut.\" \/>\n<meta property=\"og:url\" content=\"https:\/\/legio.fi\/en\/jasenyys\/legiosport\/\" \/>\n<meta property=\"og:site_name\" content=\"Legio Ostiensis ry\" \/>\n<meta property=\"article:publisher\" content=\"https:\/\/www.facebook.com\/legioostiensis\/\" \/>\n<meta property=\"article:modified_time\" content=\"2024-10-09T18:44:47+00:00\" \/>\n<meta property=\"og:image\" content=\"https:\/\/legio.fi\/wp-content\/uploads\/2022\/07\/legio-sport-logo-2-641x1140-2.png\" \/>\n<meta name=\"twitter:card\" content=\"summary_large_image\" \/>\n<meta name=\"twitter:site\" content=\"@legiory\" \/>\n<meta name=\"twitter:label1\" content=\"Estimated reading time\" \/>\n\t<meta name=\"twitter:data1\" content=\"1 minute\" \/>\n<script type=\"application\/ld+json\" class=\"yoast-schema-graph\">{\"@context\":\"https:\\\/\\\/schema.org\",\"@graph\":[{\"@type\":\"WebPage\",\"@id\":\"https:\\\/\\\/legio.fi\\\/jasenyys\\\/legiosport\\\/\",\"url\":\"https:\\\/\\\/legio.fi\\\/jasenyys\\\/legiosport\\\/\",\"name\":\"LegioSport - Legio Ostiensis ry\",\"isPartOf\":{\"@id\":\"https:\\\/\\\/legio.fi\\\/#website\"},\"primaryImageOfPage\":{\"@id\":\"https:\\\/\\\/legio.fi\\\/jasenyys\\\/legiosport\\\/#primaryimage\"},\"image\":{\"@id\":\"https:\\\/\\\/legio.fi\\\/jasenyys\\\/legiosport\\\/#primaryimage\"},\"thumbnailUrl\":\"https:\\\/\\\/legio.fi\\\/wp-content\\\/uploads\\\/2022\\\/07\\\/legio-sport-logo-2-641x1140-2.png\",\"datePublished\":\"2022-07-03T18:47:04+00:00\",\"dateModified\":\"2024-10-09T18:44:47+00:00\",\"description\":\"Legio Sport on Legion oma liikuntajaosto, joka huolehtii legiolaisten hyvinvoinnista j\u00e4rkk\u00e4\u00e4m\u00e4ll\u00e4 viikottaiset liikuntavuorot yhdess\u00e4 Judican ja Optimin kanssa sek\u00e4 kuukausittaiset lajikokeilut.\",\"breadcrumb\":{\"@id\":\"https:\\\/\\\/legio.fi\\\/jasenyys\\\/legiosport\\\/#breadcrumb\"},\"inLanguage\":\"en-GB\",\"potentialAction\":[{\"@type\":\"ReadAction\",\"target\":[\"https:\\\/\\\/legio.fi\\\/jasenyys\\\/legiosport\\\/\"]}]},{\"@type\":\"ImageObject\",\"inLanguage\":\"en-GB\",\"@id\":\"https:\\\/\\\/legio.fi\\\/jasenyys\\\/legiosport\\\/#primaryimage\",\"url\":\"https:\\\/\\\/legio.fi\\\/wp-content\\\/uploads\\\/2022\\\/07\\\/legio-sport-logo-2-641x1140-2.png\",\"contentUrl\":\"https:\\\/\\\/legio.fi\\\/wp-content\\\/uploads\\\/2022\\\/07\\\/legio-sport-logo-2-641x1140-2.png\"},{\"@type\":\"BreadcrumbList\",\"@id\":\"https:\\\/\\\/legio.fi\\\/jasenyys\\\/legiosport\\\/#breadcrumb\",\"itemListElement\":[{\"@type\":\"ListItem\",\"position\":1,\"name\":\"Etusivu\",\"item\":\"https:\\\/\\\/legio.fi\\\/\"},{\"@type\":\"ListItem\",\"position\":2,\"name\":\"J\u00e4senyys ja edut\",\"item\":\"https:\\\/\\\/legio.fi\\\/jasenyys\\\/\"},{\"@type\":\"ListItem\",\"position\":3,\"name\":\"LegioSport\"}]},{\"@type\":\"WebSite\",\"@id\":\"https:\\\/\\\/legio.fi\\\/#website\",\"url\":\"https:\\\/\\\/legio.fi\\\/\",\"name\":\"Legio Ostiensis ry\",\"description\":\"Ainej\u00e4rjest\u00f6 Legio Ostiensis ry\",\"publisher\":{\"@id\":\"https:\\\/\\\/legio.fi\\\/#organization\"},\"potentialAction\":[{\"@type\":\"SearchAction\",\"target\":{\"@type\":\"EntryPoint\",\"urlTemplate\":\"https:\\\/\\\/legio.fi\\\/?s={search_term_string}\"},\"query-input\":{\"@type\":\"PropertyValueSpecification\",\"valueRequired\":true,\"valueName\":\"search_term_string\"}}],\"inLanguage\":\"en-GB\"},{\"@type\":\"Organization\",\"@id\":\"https:\\\/\\\/legio.fi\\\/#organization\",\"name\":\"Legio Ostiensis ry\",\"url\":\"https:\\\/\\\/legio.fi\\\/\",\"logo\":{\"@type\":\"ImageObject\",\"inLanguage\":\"en-GB\",\"@id\":\"https:\\\/\\\/legio.fi\\\/#\\\/schema\\\/logo\\\/image\\\/\",\"url\":\"https:\\\/\\\/legio.fi\\\/wp-content\\\/uploads\\\/2022\\\/06\\\/Punainen-Ei-taustaa-v2-Vekrori-1.svg\",\"contentUrl\":\"https:\\\/\\\/legio.fi\\\/wp-content\\\/uploads\\\/2022\\\/06\\\/Punainen-Ei-taustaa-v2-Vekrori-1.svg\",\"width\":2855,\"height\":1988,\"caption\":\"Legio Ostiensis ry\"},\"image\":{\"@id\":\"https:\\\/\\\/legio.fi\\\/#\\\/schema\\\/logo\\\/image\\\/\"},\"sameAs\":[\"https:\\\/\\\/www.facebook.com\\\/legioostiensis\\\/\",\"https:\\\/\\\/x.com\\\/legiory\",\"https:\\\/\\\/www.instagram.com\\\/legiory\",\"https:\\\/\\\/www.instagram.com\\\/legiorysport\\\/\",\"https:\\\/\\\/fi.linkedin.com\\\/company\\\/legioostiensis\",\"https:\\\/\\\/open.spotify.com\\\/show\\\/5TDVshWa67PMfAp0hY0F9A\",\"https:\\\/\\\/www.tiktok.com\\\/tag\\\/legiory\"]}]}<\/script>\n<!-- \/ Yoast SEO plugin. -->","yoast_head_json":{"title":"LegioSport - Legio Ostiensis ry","description":"Legio Sport on Legion oma liikuntajaosto, joka huolehtii legiolaisten hyvinvoinnista j\u00e4rkk\u00e4\u00e4m\u00e4ll\u00e4 viikottaiset liikuntavuorot yhdess\u00e4 Judican ja Optimin kanssa sek\u00e4 kuukausittaiset lajikokeilut.","robots":{"index":"index","follow":"follow","max-snippet":"max-snippet:-1","max-image-preview":"max-image-preview:large","max-video-preview":"max-video-preview:-1"},"canonical":"https:\/\/legio.fi\/en\/jasenyys\/legiosport\/","og_locale":"en_GB","og_type":"article","og_title":"LegioSport - Legio Ostiensis ry","og_description":"Legio Sport on Legion oma liikuntajaosto, joka huolehtii legiolaisten hyvinvoinnista j\u00e4rkk\u00e4\u00e4m\u00e4ll\u00e4 viikottaiset liikuntavuorot yhdess\u00e4 Judican ja Optimin kanssa sek\u00e4 kuukausittaiset lajikokeilut.","og_url":"https:\/\/legio.fi\/en\/jasenyys\/legiosport\/","og_site_name":"Legio Ostiensis ry","article_publisher":"https:\/\/www.facebook.com\/legioostiensis\/","article_modified_time":"2024-10-09T18:44:47+00:00","og_image":[{"url":"https:\/\/legio.fi\/wp-content\/uploads\/2022\/07\/legio-sport-logo-2-641x1140-2.png","type":"","width":"","height":""}],"twitter_card":"summary_large_image","twitter_site":"@legiory","twitter_misc":{"Estimated reading time":"1 minute"},"schema":{"@context":"https:\/\/schema.org","@graph":[{"@type":"WebPage","@id":"https:\/\/legio.fi\/jasenyys\/legiosport\/","url":"https:\/\/legio.fi\/jasenyys\/legiosport\/","name":"LegioSport - Legio Ostiensis ry","isPartOf":{"@id":"https:\/\/legio.fi\/#website"},"primaryImageOfPage":{"@id":"https:\/\/legio.fi\/jasenyys\/legiosport\/#primaryimage"},"image":{"@id":"https:\/\/legio.fi\/jasenyys\/legiosport\/#primaryimage"},"thumbnailUrl":"https:\/\/legio.fi\/wp-content\/uploads\/2022\/07\/legio-sport-logo-2-641x1140-2.png","datePublished":"2022-07-03T18:47:04+00:00","dateModified":"2024-10-09T18:44:47+00:00","description":"Legio Sport on Legion oma liikuntajaosto, joka huolehtii legiolaisten hyvinvoinnista j\u00e4rkk\u00e4\u00e4m\u00e4ll\u00e4 viikottaiset liikuntavuorot yhdess\u00e4 Judican ja Optimin kanssa sek\u00e4 kuukausittaiset lajikokeilut.","breadcrumb":{"@id":"https:\/\/legio.fi\/jasenyys\/legiosport\/#breadcrumb"},"inLanguage":"en-GB","potentialAction":[{"@type":"ReadAction","target":["https:\/\/legio.fi\/jasenyys\/legiosport\/"]}]},{"@type":"ImageObject","inLanguage":"en-GB","@id":"https:\/\/legio.fi\/jasenyys\/legiosport\/#primaryimage","url":"https:\/\/legio.fi\/wp-content\/uploads\/2022\/07\/legio-sport-logo-2-641x1140-2.png","contentUrl":"https:\/\/legio.fi\/wp-content\/uploads\/2022\/07\/legio-sport-logo-2-641x1140-2.png"},{"@type":"BreadcrumbList","@id":"https:\/\/legio.fi\/jasenyys\/legiosport\/#breadcrumb","itemListElement":[{"@type":"ListItem","position":1,"name":"Etusivu","item":"https:\/\/legio.fi\/"},{"@type":"ListItem","position":2,"name":"J\u00e4senyys ja edut","item":"https:\/\/legio.fi\/jasenyys\/"},{"@type":"ListItem","position":3,"name":"LegioSport"}]},{"@type":"WebSite","@id":"https:\/\/legio.fi\/#website","url":"https:\/\/legio.fi\/","name":"Legio Ostiensis ry","description":"Ainej\u00e4rjest\u00f6 Legio Ostiensis ry","publisher":{"@id":"https:\/\/legio.fi\/#organization"},"potentialAction":[{"@type":"SearchAction","target":{"@type":"EntryPoint","urlTemplate":"https:\/\/legio.fi\/?s={search_term_string}"},"query-input":{"@type":"PropertyValueSpecification","valueRequired":true,"valueName":"search_term_string"}}],"inLanguage":"en-GB"},{"@type":"Organization","@id":"https:\/\/legio.fi\/#organization","name":"Legio Ostiensis ry","url":"https:\/\/legio.fi\/","logo":{"@type":"ImageObject","inLanguage":"en-GB","@id":"https:\/\/legio.fi\/#\/schema\/logo\/image\/","url":"https:\/\/legio.fi\/wp-content\/uploads\/2022\/06\/Punainen-Ei-taustaa-v2-Vekrori-1.svg","contentUrl":"https:\/\/legio.fi\/wp-content\/uploads\/2022\/06\/Punainen-Ei-taustaa-v2-Vekrori-1.svg","width":2855,"height":1988,"caption":"Legio Ostiensis ry"},"image":{"@id":"https:\/\/legio.fi\/#\/schema\/logo\/image\/"},"sameAs":["https:\/\/www.facebook.com\/legioostiensis\/","https:\/\/x.com\/legiory","https:\/\/www.instagram.com\/legiory","https:\/\/www.instagram.com\/legiorysport\/","https:\/\/fi.linkedin.com\/company\/legioostiensis","https:\/\/open.spotify.com\/show\/5TDVshWa67PMfAp0hY0F9A","https:\/\/www.tiktok.com\/tag\/legiory"]}]}},"_links":{"self":[{"href":"https:\/\/legio.fi\/en\/wp-json\/wp\/v2\/pages\/962","targetHints":{"allow":["GET"]}}],"collection":[{"href":"https:\/\/legio.fi\/en\/wp-json\/wp\/v2\/pages"}],"about":[{"href":"https:\/\/legio.fi\/en\/wp-json\/wp\/v2\/types\/page"}],"author":[{"embeddable":true,"href":"https:\/\/legio.fi\/en\/wp-json\/wp\/v2\/users\/4"}],"replies":[{"embeddable":true,"href":"https:\/\/legio.fi\/en\/wp-json\/wp\/v2\/comments?post=962"}],"version-history":[{"count":83,"href":"https:\/\/legio.fi\/en\/wp-json\/wp\/v2\/pages\/962\/revisions"}],"predecessor-version":[{"id":3942,"href":"https:\/\/legio.fi\/en\/wp-json\/wp\/v2\/pages\/962\/revisions\/3942"}],"up":[{"embeddable":true,"href":"https:\/\/legio.fi\/en\/wp-json\/wp\/v2\/pages\/528"}],"wp:attachment":[{"href":"https:\/\/legio.fi\/en\/wp-json\/wp\/v2\/media?parent=962"}],"curies":[{"name":"wp","href":"https:\/\/api.w.org\/{rel}","templated":true}]}}