{"id":947,"date":"2022-07-03T20:12:57","date_gmt":"2022-07-03T18:12:57","guid":{"rendered":"https:\/\/legio.fi\/?page_id=947"},"modified":"2026-01-19T22:06:15","modified_gmt":"2026-01-19T20:06:15","slug":"edunvalvonta","status":"publish","type":"page","link":"https:\/\/legio.fi\/en\/jasenyys\/edunvalvonta\/","title":{"rendered":"Student advocacy"},"content":{"rendered":"\t\t<div data-elementor-type=\"wp-page\" data-elementor-id=\"947\" class=\"elementor elementor-947\">\n\t\t\t\t\t\t<section class=\"elementor-section elementor-top-section elementor-element elementor-element-5131a13e elementor-section-height-min-height elementor-section-full_width elementor-section-height-default elementor-section-items-middle\" data-id=\"5131a13e\" data-element_type=\"section\" data-e-type=\"section\" data-settings=\"{&quot;background_background&quot;:&quot;classic&quot;}\">\n\t\t\t\t\t\t\t<div class=\"elementor-background-overlay\"><\/div>\n\t\t\t\t\t\t\t<div class=\"elementor-container elementor-column-gap-default\">\n\t\t\t\t\t<div class=\"elementor-column elementor-col-100 elementor-top-column elementor-element elementor-element-1053ca7a\" data-id=\"1053ca7a\" data-element_type=\"column\" data-e-type=\"column\">\n\t\t\t<div class=\"elementor-widget-wrap elementor-element-populated\">\n\t\t\t\t\t\t<div class=\"elementor-element elementor-element-3d99e122 elementor-widget elementor-widget-heading\" data-id=\"3d99e122\" data-element_type=\"widget\" data-e-type=\"widget\" data-widget_type=\"heading.default\">\n\t\t\t\t<div class=\"elementor-widget-container\">\n\t\t\t\t\t<h1 class=\"elementor-heading-title elementor-size-default\">Edunvalvonta<\/h1>\t\t\t\t<\/div>\n\t\t\t\t<\/div>\n\t\t\t\t\t<\/div>\n\t\t<\/div>\n\t\t\t\t\t<\/div>\n\t\t<\/section>\n\t\t\t\t<section class=\"elementor-section elementor-top-section elementor-element elementor-element-6f41a9b elementor-section-boxed elementor-section-height-default elementor-section-height-default\" data-id=\"6f41a9b\" data-element_type=\"section\" data-e-type=\"section\" data-settings=\"{&quot;background_background&quot;:&quot;classic&quot;}\">\n\t\t\t\t\t\t<div class=\"elementor-container elementor-column-gap-default\">\n\t\t\t\t\t<div class=\"elementor-column elementor-col-33 elementor-top-column elementor-element elementor-element-bed7cc8\" data-id=\"bed7cc8\" data-element_type=\"column\" data-e-type=\"column\" data-settings=\"{&quot;background_background&quot;:&quot;classic&quot;}\">\n\t\t\t<div class=\"elementor-widget-wrap elementor-element-populated\">\n\t\t\t\t\t<div class=\"elementor-background-overlay\"><\/div>\n\t\t\t\t\t\t<div class=\"elementor-element elementor-element-8cf9f0b elementor-widget elementor-widget-image\" data-id=\"8cf9f0b\" data-element_type=\"widget\" data-e-type=\"widget\" data-widget_type=\"image.default\">\n\t\t\t\t<div class=\"elementor-widget-container\">\n\t\t\t\t\t\t\t\t\t\t\t\t\t\t\t<img decoding=\"async\" src=\"https:\/\/legio.fi\/wp-content\/uploads\/elementor\/thumbs\/Suvi-rhwdbasi0b7kn1maggbzxo3026osdlqvp3algjh3io.webp\" title=\"Suvi\" alt=\"Suvi\" loading=\"lazy\" \/>\t\t\t\t\t\t\t\t\t\t\t\t\t\t\t<\/div>\n\t\t\t\t<\/div>\n\t\t\t\t\t<\/div>\n\t\t<\/div>\n\t\t\t\t<div class=\"elementor-column elementor-col-66 elementor-top-column elementor-element elementor-element-596f4ad\" data-id=\"596f4ad\" data-element_type=\"column\" data-e-type=\"column\" data-settings=\"{&quot;background_background&quot;:&quot;classic&quot;}\">\n\t\t\t<div class=\"elementor-widget-wrap elementor-element-populated\">\n\t\t\t\t\t<div class=\"elementor-background-overlay\"><\/div>\n\t\t\t\t\t\t<div class=\"elementor-element elementor-element-8063d84 elementor-widget elementor-widget-spacer\" data-id=\"8063d84\" data-element_type=\"widget\" data-e-type=\"widget\" data-widget_type=\"spacer.default\">\n\t\t\t\t<div class=\"elementor-widget-container\">\n\t\t\t\t\t\t\t<div class=\"elementor-spacer\">\n\t\t\t<div class=\"elementor-spacer-inner\"><\/div>\n\t\t<\/div>\n\t\t\t\t\t\t<\/div>\n\t\t\t\t<\/div>\n\t\t\t\t<div class=\"elementor-element elementor-element-56c2470 elementor-widget elementor-widget-text-editor\" data-id=\"56c2470\" data-element_type=\"widget\" data-e-type=\"widget\" data-widget_type=\"text-editor.default\">\n\t\t\t\t<div class=\"elementor-widget-container\">\n\t\t\t\t\t\t\t\t\t<p>Moi legiolaiset! Olen Suvi Miettinen ja toimin hallituskaudella 2026 Legion hallituksessa edunvalvontavastaavana. T\u00e4rkeimp\u00e4n\u00e4 teht\u00e4v\u00e4n\u00e4ni on pit\u00e4\u00e4 huolta legiolaisten oikeuksista. Jos sinulle tulee ongelmia tai mieleesi juolahtaa jokin parannusehdotus taikka haluat antaa palautetta, olethan minuun matalalla kynnyksell\u00e4 yhteydess\u00e4. Autan ja v\u00e4lit\u00e4n tietoa oikeille tahoille. Voit ottaa minuun yhteytt\u00e4 s\u00e4hk\u00f6postilla, alta l\u00f6ytyv\u00e4ll\u00e4 lomakkeella anonyymisti tai vaikkapa somessa tai n\u00e4hdess\u00e4mme yliopistolla ja tapahtumissa!<\/p><p>Ainej\u00e4rjest\u00f6n t\u00e4rkeimpiin teht\u00e4viin kuuluu j\u00e4sentens\u00e4 edunvalvonta. Hallituksen edunvalvontavastaava tekee tiivist\u00e4 yhteisty\u00f6t\u00e4 It\u00e4-Suomen yliopiston oikeustieteiden laitoksen ja kielikeskuksen kanssa. Legio vaikuttaa muun muassa tenttiaikataulujen suunnitteluun ja olen esimerkiksi t\u00e4n\u00e4 vuonna mukana my\u00f6s yhteiskuntatieteiden ja kauppatieteiden tiedekunnan koulutuksen kehitt\u00e4misen toimikunnassa. Edunvalvontavastaavalle voi antaa palautetta my\u00f6s yksitt\u00e4isist\u00e4 kursseista tai oppiaineista.<\/p><p>Edunvalvontavastaavaan voi olla yhteydess\u00e4 s\u00e4hk\u00f6postitse tai alla olevan lomakkeen kautta. Lomakkeelle ei ole pakko laittaa nime\u00e4 ja s\u00e4hk\u00f6postiosoitetta, mutta t\u00e4ll\u00f6in emme pysty vastaamaan yhteydenottoon tai pyyt\u00e4m\u00e4\u00e4n lis\u00e4tietoja.<\/p>\t\t\t\t\t\t\t\t<\/div>\n\t\t\t\t<\/div>\n\t\t\t\t\t<\/div>\n\t\t<\/div>\n\t\t\t\t\t<\/div>\n\t\t<\/section>\n\t\t\t\t<section class=\"elementor-section elementor-top-section elementor-element elementor-element-23d601e elementor-section-boxed elementor-section-height-default elementor-section-height-default\" data-id=\"23d601e\" data-element_type=\"section\" data-e-type=\"section\" data-settings=\"{&quot;background_background&quot;:&quot;classic&quot;}\">\n\t\t\t\t\t\t<div class=\"elementor-container elementor-column-gap-default\">\n\t\t\t\t\t<div class=\"elementor-column elementor-col-100 elementor-top-column elementor-element elementor-element-bb9bb34\" data-id=\"bb9bb34\" data-element_type=\"column\" data-e-type=\"column\" data-settings=\"{&quot;background_background&quot;:&quot;classic&quot;}\">\n\t\t\t<div class=\"elementor-widget-wrap elementor-element-populated\">\n\t\t\t\t\t<div class=\"elementor-background-overlay\"><\/div>\n\t\t\t\t\t\t<div class=\"elementor-element elementor-element-a923e8a eael-wpforms-labels-yes eael-wpforms-form-button-custom elementor-widget elementor-widget-eael-wpforms\" data-id=\"a923e8a\" data-element_type=\"widget\" data-e-type=\"widget\" data-widget_type=\"eael-wpforms.default\">\n\t\t\t\t<div class=\"elementor-widget-container\">\n\t\t\t\t\t            <div class=\"eael-contact-form eael-wpforms eael-wpforms-align-default\">\n                                <div class=\"wpforms-container \" id=\"wpforms-1192\"><form id=\"wpforms-form-1192\" class=\"wpforms-validate wpforms-form wpforms-ajax-form\" data-formid=\"1192\" method=\"post\" enctype=\"multipart\/form-data\" action=\"\/en\/wp-json\/wp\/v2\/pages\/947\" data-token=\"4d4838972dd5073e68b891f90ed0a69f\" data-token-time=\"1776505048\"><noscript class=\"wpforms-error-noscript\">Please enable JavaScript in your browser to complete this form.<\/noscript><div class=\"wpforms-field-container\"><div id=\"wpforms-1192-field_0-container\" class=\"wpforms-field wpforms-field-name\" data-field-id=\"0\"><label class=\"wpforms-field-label\" for=\"wpforms-1192-field_0\">Nimi<\/label><input type=\"text\" id=\"wpforms-1192-field_0\" class=\"wpforms-field-medium\" name=\"wpforms[fields][0]\" ><div class=\"wpforms-field-description\">Mahdollista yhteydenottoa varten<\/div><\/div><div id=\"wpforms-1192-field_1-container\" class=\"wpforms-field wpforms-field-email\" data-field-id=\"1\"><label class=\"wpforms-field-label\" for=\"wpforms-1192-field_1\">S\u00e4hk\u00f6posti<\/label><input type=\"email\" id=\"wpforms-1192-field_1\" class=\"wpforms-field-medium\" name=\"wpforms[fields][1]\" spellcheck=\"false\" ><div class=\"wpforms-field-description\">Mahdollista yhteydenottoa varten<\/div><\/div><div id=\"wpforms-1192-field_2-container\" class=\"wpforms-field wpforms-field-textarea\" data-field-id=\"2\"><label class=\"wpforms-field-label\" for=\"wpforms-1192-field_2\">Viesti <span class=\"wpforms-required-label\">*<\/span><\/label><textarea id=\"wpforms-1192-field_2\" class=\"wpforms-field-medium wpforms-field-required\" name=\"wpforms[fields][2]\" required><\/textarea><\/div><\/div><!-- .wpforms-field-container --><div class=\"wpforms-recaptcha-container wpforms-is-hcaptcha\" ><div class=\"h-captcha\" data-sitekey=\"8a43f236-c42a-485c-bbb1-0a7d701c1bbe\"><\/div><input type=\"text\" name=\"g-recaptcha-hidden\" class=\"wpforms-recaptcha-hidden\" style=\"position:absolute!important;clip:rect(0,0,0,0)!important;height:1px!important;width:1px!important;border:0!important;overflow:hidden!important;padding:0!important;margin:0!important;\" data-rule-hcaptcha=\"1\"><\/div><div class=\"wpforms-submit-container\" ><input type=\"hidden\" name=\"wpforms[id]\" value=\"1192\"><input type=\"hidden\" name=\"page_title\" value=\"\"><input type=\"hidden\" name=\"page_url\" value=\"https:\/\/legio.fi\/en\/wp-json\/wp\/v2\/pages\/947\"><input type=\"hidden\" name=\"url_referer\" value=\"\"><button type=\"submit\" name=\"wpforms[submit]\" id=\"wpforms-submit-1192\" class=\"wpforms-submit\" data-alt-text=\"L\u00e4hetet\u00e4\u00e4n...\" data-submit-text=\"L\u00e4het\u00e4\" aria-live=\"assertive\" value=\"wpforms-submit\">L\u00e4het\u00e4<\/button><img decoding=\"async\" src=\"https:\/\/legio.fi\/wp-content\/plugins\/wpforms-lite\/assets\/images\/submit-spin.svg\" class=\"wpforms-submit-spinner\" style=\"display: none;\" width=\"26\" height=\"26\" alt=\"Loading\"><\/div><\/form><\/div>  <!-- .wpforms-container -->            <\/div>\n\t\t\t\t<\/div>\n\t\t\t\t<\/div>\n\t\t\t\t\t<\/div>\n\t\t<\/div>\n\t\t\t\t\t<\/div>\n\t\t<\/section>\n\t\t\t\t<\/div>\n\t\t","protected":false},"excerpt":{"rendered":"<p>Edunvalvonta Moi legiolaiset! Olen Suvi Miettinen ja toimin hallituskaudella 2026 Legion hallituksessa edunvalvontavastaavana. T\u00e4rkeimp\u00e4n\u00e4 teht\u00e4v\u00e4n\u00e4ni on pit\u00e4\u00e4 huolta legiolaisten oikeuksista. Jos sinulle tulee ongelmia tai mieleesi juolahtaa jokin parannusehdotus taikka haluat antaa palautetta, olethan minuun matalalla kynnyksell\u00e4 yhteydess\u00e4. Autan ja v\u00e4lit\u00e4n tietoa oikeille tahoille. Voit ottaa minuun yhteytt\u00e4 s\u00e4hk\u00f6postilla, alta l\u00f6ytyv\u00e4ll\u00e4 lomakkeella anonyymisti tai vaikkapa [&hellip;]<\/p>\n","protected":false},"author":4,"featured_media":0,"parent":528,"menu_order":0,"comment_status":"closed","ping_status":"closed","template":"elementor_header_footer","meta":{"site-sidebar-layout":"no-sidebar","site-content-layout":"page-builder","ast-site-content-layout":"default","site-content-style":"default","site-sidebar-style":"default","ast-global-header-display":"","ast-banner-title-visibility":"","ast-main-header-display":"","ast-hfb-above-header-display":"","ast-hfb-below-header-display":"","ast-hfb-mobile-header-display":"","site-post-title":"disabled","ast-breadcrumbs-content":"","ast-featured-img":"","footer-sml-layout":"","ast-disable-related-posts":"","theme-transparent-header-meta":"enabled","adv-header-id-meta":"","stick-header-meta":"","header-above-stick-meta":"","header-main-stick-meta":"","header-below-stick-meta":"","astra-migrate-meta-layouts":"default","ast-page-background-enabled":"default","ast-page-background-meta":{"desktop":{"background-color":"","background-image":"","background-repeat":"repeat","background-position":"center center","background-size":"auto","background-attachment":"scroll","background-type":"","background-media":"","overlay-type":"","overlay-color":"","overlay-opacity":"","overlay-gradient":""},"tablet":{"background-color":"","background-image":"","background-repeat":"repeat","background-position":"center center","background-size":"auto","background-attachment":"scroll","background-type":"","background-media":"","overlay-type":"","overlay-color":"","overlay-opacity":"","overlay-gradient":""},"mobile":{"background-color":"","background-image":"","background-repeat":"repeat","background-position":"center center","background-size":"auto","background-attachment":"scroll","background-type":"","background-media":"","overlay-type":"","overlay-color":"","overlay-opacity":"","overlay-gradient":""}},"ast-content-background-meta":{"desktop":{"background-color":"var(--ast-global-color-5)","background-image":"","background-repeat":"repeat","background-position":"center center","background-size":"auto","background-attachment":"scroll","background-type":"","background-media":"","overlay-type":"","overlay-color":"","overlay-opacity":"","overlay-gradient":""},"tablet":{"background-color":"var(--ast-global-color-5)","background-image":"","background-repeat":"repeat","background-position":"center center","background-size":"auto","background-attachment":"scroll","background-type":"","background-media":"","overlay-type":"","overlay-color":"","overlay-opacity":"","overlay-gradient":""},"mobile":{"background-color":"var(--ast-global-color-5)","background-image":"","background-repeat":"repeat","background-position":"center center","background-size":"auto","background-attachment":"scroll","background-type":"","background-media":"","overlay-type":"","overlay-color":"","overlay-opacity":"","overlay-gradient":""}},"footnotes":""},"class_list":["post-947","page","type-page","status-publish","hentry"],"yoast_head":"<!-- This site is optimized with the Yoast SEO plugin v27.3 - https:\/\/yoast.com\/product\/yoast-seo-wordpress\/ -->\n<title>Edunvalvonta - Legio Ostiensis ry<\/title>\n<meta name=\"description\" content=\"Ainej\u00e4rjest\u00f6n t\u00e4rkeimpiin teht\u00e4viin kuuluu j\u00e4sentens\u00e4 edunvalvonta. Hallituksen edunvalvontavastaava tekee tiivist\u00e4 yhteisty\u00f6t\u00e4 It\u00e4-Suomen yliopiston oikeustieteiden laitoksen kanssa\" \/>\n<meta name=\"robots\" content=\"index, follow, max-snippet:-1, max-image-preview:large, max-video-preview:-1\" \/>\n<link rel=\"canonical\" href=\"https:\/\/legio.fi\/en\/jasenyys\/edunvalvonta\/\" \/>\n<meta property=\"og:locale\" content=\"en_GB\" \/>\n<meta property=\"og:type\" content=\"article\" \/>\n<meta property=\"og:title\" content=\"Edunvalvonta - Legio Ostiensis ry\" \/>\n<meta property=\"og:description\" content=\"Ainej\u00e4rjest\u00f6n t\u00e4rkeimpiin teht\u00e4viin kuuluu j\u00e4sentens\u00e4 edunvalvonta. Hallituksen edunvalvontavastaava tekee tiivist\u00e4 yhteisty\u00f6t\u00e4 It\u00e4-Suomen yliopiston oikeustieteiden laitoksen kanssa\" \/>\n<meta property=\"og:url\" content=\"https:\/\/legio.fi\/en\/jasenyys\/edunvalvonta\/\" \/>\n<meta property=\"og:site_name\" content=\"Legio Ostiensis ry\" \/>\n<meta property=\"article:publisher\" content=\"https:\/\/www.facebook.com\/legioostiensis\/\" \/>\n<meta property=\"article:modified_time\" content=\"2026-01-19T20:06:15+00:00\" \/>\n<meta property=\"og:image\" content=\"https:\/\/legio.fi\/wp-content\/uploads\/elementor\/thumbs\/Suvi-rhwdbasi0b7kn1maggbzxo3026osdlqvp3algjh3io.webp\" \/>\n<meta name=\"twitter:card\" content=\"summary_large_image\" \/>\n<meta name=\"twitter:site\" content=\"@legiory\" \/>\n<meta name=\"twitter:label1\" content=\"Estimated reading time\" \/>\n\t<meta name=\"twitter:data1\" content=\"2 minutes\" \/>\n<script type=\"application\/ld+json\" class=\"yoast-schema-graph\">{\"@context\":\"https:\\\/\\\/schema.org\",\"@graph\":[{\"@type\":\"WebPage\",\"@id\":\"https:\\\/\\\/legio.fi\\\/jasenyys\\\/edunvalvonta\\\/\",\"url\":\"https:\\\/\\\/legio.fi\\\/jasenyys\\\/edunvalvonta\\\/\",\"name\":\"Edunvalvonta - Legio Ostiensis ry\",\"isPartOf\":{\"@id\":\"https:\\\/\\\/legio.fi\\\/#website\"},\"primaryImageOfPage\":{\"@id\":\"https:\\\/\\\/legio.fi\\\/jasenyys\\\/edunvalvonta\\\/#primaryimage\"},\"image\":{\"@id\":\"https:\\\/\\\/legio.fi\\\/jasenyys\\\/edunvalvonta\\\/#primaryimage\"},\"thumbnailUrl\":\"https:\\\/\\\/legio.fi\\\/wp-content\\\/uploads\\\/elementor\\\/thumbs\\\/Suvi-rhwdbasi0b7kn1maggbzxo3026osdlqvp3algjh3io.webp\",\"datePublished\":\"2022-07-03T18:12:57+00:00\",\"dateModified\":\"2026-01-19T20:06:15+00:00\",\"description\":\"Ainej\u00e4rjest\u00f6n t\u00e4rkeimpiin teht\u00e4viin kuuluu j\u00e4sentens\u00e4 edunvalvonta. Hallituksen edunvalvontavastaava tekee tiivist\u00e4 yhteisty\u00f6t\u00e4 It\u00e4-Suomen yliopiston oikeustieteiden laitoksen kanssa\",\"breadcrumb\":{\"@id\":\"https:\\\/\\\/legio.fi\\\/jasenyys\\\/edunvalvonta\\\/#breadcrumb\"},\"inLanguage\":\"en-GB\",\"potentialAction\":[{\"@type\":\"ReadAction\",\"target\":[\"https:\\\/\\\/legio.fi\\\/jasenyys\\\/edunvalvonta\\\/\"]}]},{\"@type\":\"ImageObject\",\"inLanguage\":\"en-GB\",\"@id\":\"https:\\\/\\\/legio.fi\\\/jasenyys\\\/edunvalvonta\\\/#primaryimage\",\"url\":\"https:\\\/\\\/legio.fi\\\/wp-content\\\/uploads\\\/elementor\\\/thumbs\\\/Suvi-rhwdbasi0b7kn1maggbzxo3026osdlqvp3algjh3io.webp\",\"contentUrl\":\"https:\\\/\\\/legio.fi\\\/wp-content\\\/uploads\\\/elementor\\\/thumbs\\\/Suvi-rhwdbasi0b7kn1maggbzxo3026osdlqvp3algjh3io.webp\"},{\"@type\":\"BreadcrumbList\",\"@id\":\"https:\\\/\\\/legio.fi\\\/jasenyys\\\/edunvalvonta\\\/#breadcrumb\",\"itemListElement\":[{\"@type\":\"ListItem\",\"position\":1,\"name\":\"Etusivu\",\"item\":\"https:\\\/\\\/legio.fi\\\/\"},{\"@type\":\"ListItem\",\"position\":2,\"name\":\"J\u00e4senyys ja edut\",\"item\":\"https:\\\/\\\/legio.fi\\\/jasenyys\\\/\"},{\"@type\":\"ListItem\",\"position\":3,\"name\":\"Edunvalvonta\"}]},{\"@type\":\"WebSite\",\"@id\":\"https:\\\/\\\/legio.fi\\\/#website\",\"url\":\"https:\\\/\\\/legio.fi\\\/\",\"name\":\"Legio Ostiensis ry\",\"description\":\"Ainej\u00e4rjest\u00f6 Legio Ostiensis ry\",\"publisher\":{\"@id\":\"https:\\\/\\\/legio.fi\\\/#organization\"},\"potentialAction\":[{\"@type\":\"SearchAction\",\"target\":{\"@type\":\"EntryPoint\",\"urlTemplate\":\"https:\\\/\\\/legio.fi\\\/?s={search_term_string}\"},\"query-input\":{\"@type\":\"PropertyValueSpecification\",\"valueRequired\":true,\"valueName\":\"search_term_string\"}}],\"inLanguage\":\"en-GB\"},{\"@type\":\"Organization\",\"@id\":\"https:\\\/\\\/legio.fi\\\/#organization\",\"name\":\"Legio Ostiensis ry\",\"url\":\"https:\\\/\\\/legio.fi\\\/\",\"logo\":{\"@type\":\"ImageObject\",\"inLanguage\":\"en-GB\",\"@id\":\"https:\\\/\\\/legio.fi\\\/#\\\/schema\\\/logo\\\/image\\\/\",\"url\":\"https:\\\/\\\/legio.fi\\\/wp-content\\\/uploads\\\/2022\\\/06\\\/Punainen-Ei-taustaa-v2-Vekrori-1.svg\",\"contentUrl\":\"https:\\\/\\\/legio.fi\\\/wp-content\\\/uploads\\\/2022\\\/06\\\/Punainen-Ei-taustaa-v2-Vekrori-1.svg\",\"width\":2855,\"height\":1988,\"caption\":\"Legio Ostiensis ry\"},\"image\":{\"@id\":\"https:\\\/\\\/legio.fi\\\/#\\\/schema\\\/logo\\\/image\\\/\"},\"sameAs\":[\"https:\\\/\\\/www.facebook.com\\\/legioostiensis\\\/\",\"https:\\\/\\\/x.com\\\/legiory\",\"https:\\\/\\\/www.instagram.com\\\/legiory\",\"https:\\\/\\\/www.instagram.com\\\/legiorysport\\\/\",\"https:\\\/\\\/fi.linkedin.com\\\/company\\\/legioostiensis\",\"https:\\\/\\\/open.spotify.com\\\/show\\\/5TDVshWa67PMfAp0hY0F9A\",\"https:\\\/\\\/www.tiktok.com\\\/tag\\\/legiory\"]}]}<\/script>\n<!-- \/ Yoast SEO plugin. -->","yoast_head_json":{"title":"Edunvalvonta - Legio Ostiensis ry","description":"Ainej\u00e4rjest\u00f6n t\u00e4rkeimpiin teht\u00e4viin kuuluu j\u00e4sentens\u00e4 edunvalvonta. Hallituksen edunvalvontavastaava tekee tiivist\u00e4 yhteisty\u00f6t\u00e4 It\u00e4-Suomen yliopiston oikeustieteiden laitoksen kanssa","robots":{"index":"index","follow":"follow","max-snippet":"max-snippet:-1","max-image-preview":"max-image-preview:large","max-video-preview":"max-video-preview:-1"},"canonical":"https:\/\/legio.fi\/en\/jasenyys\/edunvalvonta\/","og_locale":"en_GB","og_type":"article","og_title":"Edunvalvonta - Legio Ostiensis ry","og_description":"Ainej\u00e4rjest\u00f6n t\u00e4rkeimpiin teht\u00e4viin kuuluu j\u00e4sentens\u00e4 edunvalvonta. Hallituksen edunvalvontavastaava tekee tiivist\u00e4 yhteisty\u00f6t\u00e4 It\u00e4-Suomen yliopiston oikeustieteiden laitoksen kanssa","og_url":"https:\/\/legio.fi\/en\/jasenyys\/edunvalvonta\/","og_site_name":"Legio Ostiensis ry","article_publisher":"https:\/\/www.facebook.com\/legioostiensis\/","article_modified_time":"2026-01-19T20:06:15+00:00","og_image":[{"url":"https:\/\/legio.fi\/wp-content\/uploads\/elementor\/thumbs\/Suvi-rhwdbasi0b7kn1maggbzxo3026osdlqvp3algjh3io.webp","type":"","width":"","height":""}],"twitter_card":"summary_large_image","twitter_site":"@legiory","twitter_misc":{"Estimated reading time":"2 minutes"},"schema":{"@context":"https:\/\/schema.org","@graph":[{"@type":"WebPage","@id":"https:\/\/legio.fi\/jasenyys\/edunvalvonta\/","url":"https:\/\/legio.fi\/jasenyys\/edunvalvonta\/","name":"Edunvalvonta - Legio Ostiensis ry","isPartOf":{"@id":"https:\/\/legio.fi\/#website"},"primaryImageOfPage":{"@id":"https:\/\/legio.fi\/jasenyys\/edunvalvonta\/#primaryimage"},"image":{"@id":"https:\/\/legio.fi\/jasenyys\/edunvalvonta\/#primaryimage"},"thumbnailUrl":"https:\/\/legio.fi\/wp-content\/uploads\/elementor\/thumbs\/Suvi-rhwdbasi0b7kn1maggbzxo3026osdlqvp3algjh3io.webp","datePublished":"2022-07-03T18:12:57+00:00","dateModified":"2026-01-19T20:06:15+00:00","description":"Ainej\u00e4rjest\u00f6n t\u00e4rkeimpiin teht\u00e4viin kuuluu j\u00e4sentens\u00e4 edunvalvonta. Hallituksen edunvalvontavastaava tekee tiivist\u00e4 yhteisty\u00f6t\u00e4 It\u00e4-Suomen yliopiston oikeustieteiden laitoksen kanssa","breadcrumb":{"@id":"https:\/\/legio.fi\/jasenyys\/edunvalvonta\/#breadcrumb"},"inLanguage":"en-GB","potentialAction":[{"@type":"ReadAction","target":["https:\/\/legio.fi\/jasenyys\/edunvalvonta\/"]}]},{"@type":"ImageObject","inLanguage":"en-GB","@id":"https:\/\/legio.fi\/jasenyys\/edunvalvonta\/#primaryimage","url":"https:\/\/legio.fi\/wp-content\/uploads\/elementor\/thumbs\/Suvi-rhwdbasi0b7kn1maggbzxo3026osdlqvp3algjh3io.webp","contentUrl":"https:\/\/legio.fi\/wp-content\/uploads\/elementor\/thumbs\/Suvi-rhwdbasi0b7kn1maggbzxo3026osdlqvp3algjh3io.webp"},{"@type":"BreadcrumbList","@id":"https:\/\/legio.fi\/jasenyys\/edunvalvonta\/#breadcrumb","itemListElement":[{"@type":"ListItem","position":1,"name":"Etusivu","item":"https:\/\/legio.fi\/"},{"@type":"ListItem","position":2,"name":"J\u00e4senyys ja edut","item":"https:\/\/legio.fi\/jasenyys\/"},{"@type":"ListItem","position":3,"name":"Edunvalvonta"}]},{"@type":"WebSite","@id":"https:\/\/legio.fi\/#website","url":"https:\/\/legio.fi\/","name":"Legio Ostiensis ry","description":"Ainej\u00e4rjest\u00f6 Legio Ostiensis ry","publisher":{"@id":"https:\/\/legio.fi\/#organization"},"potentialAction":[{"@type":"SearchAction","target":{"@type":"EntryPoint","urlTemplate":"https:\/\/legio.fi\/?s={search_term_string}"},"query-input":{"@type":"PropertyValueSpecification","valueRequired":true,"valueName":"search_term_string"}}],"inLanguage":"en-GB"},{"@type":"Organization","@id":"https:\/\/legio.fi\/#organization","name":"Legio Ostiensis ry","url":"https:\/\/legio.fi\/","logo":{"@type":"ImageObject","inLanguage":"en-GB","@id":"https:\/\/legio.fi\/#\/schema\/logo\/image\/","url":"https:\/\/legio.fi\/wp-content\/uploads\/2022\/06\/Punainen-Ei-taustaa-v2-Vekrori-1.svg","contentUrl":"https:\/\/legio.fi\/wp-content\/uploads\/2022\/06\/Punainen-Ei-taustaa-v2-Vekrori-1.svg","width":2855,"height":1988,"caption":"Legio Ostiensis ry"},"image":{"@id":"https:\/\/legio.fi\/#\/schema\/logo\/image\/"},"sameAs":["https:\/\/www.facebook.com\/legioostiensis\/","https:\/\/x.com\/legiory","https:\/\/www.instagram.com\/legiory","https:\/\/www.instagram.com\/legiorysport\/","https:\/\/fi.linkedin.com\/company\/legioostiensis","https:\/\/open.spotify.com\/show\/5TDVshWa67PMfAp0hY0F9A","https:\/\/www.tiktok.com\/tag\/legiory"]}]}},"_links":{"self":[{"href":"https:\/\/legio.fi\/en\/wp-json\/wp\/v2\/pages\/947","targetHints":{"allow":["GET"]}}],"collection":[{"href":"https:\/\/legio.fi\/en\/wp-json\/wp\/v2\/pages"}],"about":[{"href":"https:\/\/legio.fi\/en\/wp-json\/wp\/v2\/types\/page"}],"author":[{"embeddable":true,"href":"https:\/\/legio.fi\/en\/wp-json\/wp\/v2\/users\/4"}],"replies":[{"embeddable":true,"href":"https:\/\/legio.fi\/en\/wp-json\/wp\/v2\/comments?post=947"}],"version-history":[{"count":52,"href":"https:\/\/legio.fi\/en\/wp-json\/wp\/v2\/pages\/947\/revisions"}],"predecessor-version":[{"id":4588,"href":"https:\/\/legio.fi\/en\/wp-json\/wp\/v2\/pages\/947\/revisions\/4588"}],"up":[{"embeddable":true,"href":"https:\/\/legio.fi\/en\/wp-json\/wp\/v2\/pages\/528"}],"wp:attachment":[{"href":"https:\/\/legio.fi\/en\/wp-json\/wp\/v2\/media?parent=947"}],"curies":[{"name":"wp","href":"https:\/\/api.w.org\/{rel}","templated":true}]}}