{"id":904,"date":"2022-07-03T18:57:46","date_gmt":"2022-07-03T15:57:46","guid":{"rendered":"https:\/\/legio.fi\/?page_id=904"},"modified":"2026-03-09T19:19:51","modified_gmt":"2026-03-09T17:19:51","slug":"legion-toimistopaivystys","status":"publish","type":"page","link":"https:\/\/legio.fi\/en\/yhdistys\/legion-toimistopaivystys\/","title":{"rendered":"Legio's office hours"},"content":{"rendered":"<div data-elementor-type=\"wp-page\" data-elementor-id=\"904\" class=\"elementor elementor-904\">\n\t\t\t\t\t\t<section class=\"elementor-section elementor-top-section elementor-element elementor-element-5131a13e elementor-section-height-min-height elementor-section-full_width elementor-section-height-default elementor-section-items-middle\" data-id=\"5131a13e\" data-element_type=\"section\" data-e-type=\"section\" data-settings=\"{&quot;background_background&quot;:&quot;classic&quot;}\">\n\t\t\t\t\t\t\t<div class=\"elementor-background-overlay\"><\/div>\n\t\t\t\t\t\t\t<div class=\"elementor-container elementor-column-gap-default\">\n\t\t\t\t\t<div class=\"elementor-column elementor-col-100 elementor-top-column elementor-element elementor-element-1053ca7a\" data-id=\"1053ca7a\" data-element_type=\"column\" data-e-type=\"column\">\n\t\t\t<div class=\"elementor-widget-wrap elementor-element-populated\">\n\t\t\t\t\t\t<div class=\"elementor-element elementor-element-3d99e122 elementor-widget elementor-widget-heading\" data-id=\"3d99e122\" data-element_type=\"widget\" data-e-type=\"widget\" data-widget_type=\"heading.default\">\n\t\t\t\t<div class=\"elementor-widget-container\">\n\t\t\t\t\t<h1 class=\"elementor-heading-title elementor-size-default\">Legios's Office hours<\/h1>\t\t\t\t<\/div>\n\t\t\t\t<\/div>\n\t\t\t\t\t<\/div>\n\t\t<\/div>\n\t\t\t\t\t<\/div>\n\t\t<\/section>\n\t\t\t\t<section class=\"elementor-section elementor-top-section elementor-element elementor-element-4239001 elementor-section-boxed elementor-section-height-default elementor-section-height-default\" data-id=\"4239001\" data-element_type=\"section\" data-e-type=\"section\">\n\t\t\t\t\t\t<div class=\"elementor-container elementor-column-gap-default\">\n\t\t\t\t\t<div class=\"elementor-column elementor-col-100 elementor-top-column elementor-element elementor-element-d193e8f\" data-id=\"d193e8f\" data-element_type=\"column\" data-e-type=\"column\">\n\t\t\t<div class=\"elementor-widget-wrap elementor-element-populated\">\n\t\t\t\t\t\t<div class=\"elementor-element elementor-element-836f2aa elementor-widget elementor-widget-text-editor\" data-id=\"836f2aa\" data-element_type=\"widget\" data-e-type=\"widget\" data-widget_type=\"text-editor.default\">\n\t\t\t\t<div class=\"elementor-widget-container\">\n\t\t\t\t\t\t\t\t\t<section id=\"content4-99\" class=\"mbr-section content4 cid-qLwwO5OUke\">\n<div class=\"container\">\n<div class=\"media-container-row\">\n<div class=\"title col-12 col-md-8\">\n<p class=\"mbr-section-subtitle align-center mbr-light mbr-fonts-style display-5\">You can find Legio's board members from Legio's office in the Haltia building  every other Monday.<\/p>\n<p>You can buy overall patches and other stuff, or hangout and chat with others!<\/p>\n<\/div>\n<\/div>\n<\/div>\n<\/section>\n<section id=\"content1-cs\" class=\"mbr-section article content1 cid-rffR18B61n\">\n<div class=\"container\">\n<div class=\"media-container-row\">\n<div class=\"mbr-text col-12 col-md-8 mbr-fonts-style display-5\">\n<p><strong>Vuonna 2026 p\u00e4ivyst\u00e4mme parittomina viikkoina maanantaisin klo 11.30 &#8211; 12.30.&nbsp;<\/strong><\/p>\n<p><strong>Kev\u00e4\u00e4n 2026 toimistop\u00e4ivystykset: 23.3., 6.4., 20.4. ja 4.5.&nbsp;<\/strong><\/p>\n<p><\/p>\n<\/div>\n<\/div>\n<\/div>\n<\/section>\t\t\t\t\t\t\t\t<\/div>\n\t\t\t\t<\/div>\n\t\t\t\t\t<\/div>\n\t\t<\/div>\n\t\t\t\t\t<\/div>\n\t\t<\/section>\n\t\t\t\t<\/div>","protected":false},"excerpt":{"rendered":"<p>Legion Toimistop\u00e4ivystykset Legion toimistop\u00e4ivystyksess\u00e4 hallitus p\u00e4ivyst\u00e4\u00e4 Haltia-rakennuksessa sijaitsevalla toimistolla joka toisena maanantaina. Tervetuloa ostamaan haalarimerkkej\u00e4 tai laulukirjoja, lainaamaan kirjoja kirjastostamme tai ihan vain tapaamaan kanssalegiolaisia kahvittelun merkeiss\u00e4! Vuonna 2026 p\u00e4ivyst\u00e4mme parittomina viikkoina maanantaisin klo 11.30 &#8211; 12.30.&nbsp; Kev\u00e4\u00e4n 2026 toimistop\u00e4ivystykset: 23.3., 6.4., 20.4. ja 4.5.&nbsp;<\/p>","protected":false},"author":4,"featured_media":0,"parent":995,"menu_order":0,"comment_status":"closed","ping_status":"closed","template":"elementor_header_footer","meta":{"site-sidebar-layout":"no-sidebar","site-content-layout":"page-builder","ast-site-content-layout":"default","site-content-style":"default","site-sidebar-style":"default","ast-global-header-display":"","ast-banner-title-visibility":"","ast-main-header-display":"","ast-hfb-above-header-display":"","ast-hfb-below-header-display":"","ast-hfb-mobile-header-display":"","site-post-title":"disabled","ast-breadcrumbs-content":"","ast-featured-img":"","footer-sml-layout":"","ast-disable-related-posts":"","theme-transparent-header-meta":"enabled","adv-header-id-meta":"","stick-header-meta":"","header-above-stick-meta":"","header-main-stick-meta":"","header-below-stick-meta":"","astra-migrate-meta-layouts":"default","ast-page-background-enabled":"default","ast-page-background-meta":{"desktop":{"background-color":"","background-image":"","background-repeat":"repeat","background-position":"center center","background-size":"auto","background-attachment":"scroll","background-type":"","background-media":"","overlay-type":"","overlay-color":"","overlay-opacity":"","overlay-gradient":""},"tablet":{"background-color":"","background-image":"","background-repeat":"repeat","background-position":"center center","background-size":"auto","background-attachment":"scroll","background-type":"","background-media":"","overlay-type":"","overlay-color":"","overlay-opacity":"","overlay-gradient":""},"mobile":{"background-color":"","background-image":"","background-repeat":"repeat","background-position":"center center","background-size":"auto","background-attachment":"scroll","background-type":"","background-media":"","overlay-type":"","overlay-color":"","overlay-opacity":"","overlay-gradient":""}},"ast-content-background-meta":{"desktop":{"background-color":"var(--ast-global-color-5)","background-image":"","background-repeat":"repeat","background-position":"center center","background-size":"auto","background-attachment":"scroll","background-type":"","background-media":"","overlay-type":"","overlay-color":"","overlay-opacity":"","overlay-gradient":""},"tablet":{"background-color":"var(--ast-global-color-5)","background-image":"","background-repeat":"repeat","background-position":"center center","background-size":"auto","background-attachment":"scroll","background-type":"","background-media":"","overlay-type":"","overlay-color":"","overlay-opacity":"","overlay-gradient":""},"mobile":{"background-color":"var(--ast-global-color-5)","background-image":"","background-repeat":"repeat","background-position":"center center","background-size":"auto","background-attachment":"scroll","background-type":"","background-media":"","overlay-type":"","overlay-color":"","overlay-opacity":"","overlay-gradient":""}},"footnotes":""},"class_list":["post-904","page","type-page","status-publish","hentry"],"yoast_head":"<!-- This site is optimized with the Yoast SEO plugin v27.3 - https:\/\/yoast.com\/product\/yoast-seo-wordpress\/ -->\n<title>Legion toimistop\u00e4ivystys - Legio Ostiensis ry<\/title>\n<meta name=\"description\" content=\"Legion toimistop\u00e4ivystyksess\u00e4 hallitus p\u00e4ivyst\u00e4\u00e4 Haltia-rakennuksessa sijaitsevalla toimistolla joka toisena maanantaina. Tervetuloa esimerkiksi ostamaan haalarimerkkej\u00e4 tai laulukirjoja, lainaamaan kirjoja kirjastostamme \u2013 tai ihan vain tapaamaan kanssalegiolaisia kahvittelun merkeiss\u00e4!\" \/>\n<meta name=\"robots\" content=\"index, follow, max-snippet:-1, max-image-preview:large, max-video-preview:-1\" \/>\n<link rel=\"canonical\" href=\"https:\/\/legio.fi\/en\/yhdistys\/legion-toimistopaivystys\/\" \/>\n<meta property=\"og:locale\" content=\"en_GB\" \/>\n<meta property=\"og:type\" content=\"article\" \/>\n<meta property=\"og:title\" content=\"Legion toimistop\u00e4ivystys - Legio Ostiensis ry\" \/>\n<meta property=\"og:description\" content=\"Legion toimistop\u00e4ivystyksess\u00e4 hallitus p\u00e4ivyst\u00e4\u00e4 Haltia-rakennuksessa sijaitsevalla toimistolla joka toisena maanantaina. Tervetuloa esimerkiksi ostamaan haalarimerkkej\u00e4 tai laulukirjoja, lainaamaan kirjoja kirjastostamme \u2013 tai ihan vain tapaamaan kanssalegiolaisia kahvittelun merkeiss\u00e4!\" \/>\n<meta property=\"og:url\" content=\"https:\/\/legio.fi\/en\/yhdistys\/legion-toimistopaivystys\/\" \/>\n<meta property=\"og:site_name\" content=\"Legio Ostiensis ry\" \/>\n<meta property=\"article:publisher\" content=\"https:\/\/www.facebook.com\/legioostiensis\/\" \/>\n<meta property=\"article:modified_time\" content=\"2026-03-09T17:19:51+00:00\" \/>\n<meta name=\"twitter:card\" content=\"summary_large_image\" \/>\n<meta name=\"twitter:site\" content=\"@legiory\" \/>\n<meta name=\"twitter:label1\" content=\"Estimated reading time\" \/>\n\t<meta name=\"twitter:data1\" content=\"1 minute\" \/>\n<script type=\"application\/ld+json\" class=\"yoast-schema-graph\">{\"@context\":\"https:\\\/\\\/schema.org\",\"@graph\":[{\"@type\":\"WebPage\",\"@id\":\"https:\\\/\\\/legio.fi\\\/yhdistys\\\/legion-toimistopaivystys\\\/\",\"url\":\"https:\\\/\\\/legio.fi\\\/yhdistys\\\/legion-toimistopaivystys\\\/\",\"name\":\"Legion toimistop\u00e4ivystys - Legio Ostiensis ry\",\"isPartOf\":{\"@id\":\"https:\\\/\\\/legio.fi\\\/#website\"},\"datePublished\":\"2022-07-03T15:57:46+00:00\",\"dateModified\":\"2026-03-09T17:19:51+00:00\",\"description\":\"Legion toimistop\u00e4ivystyksess\u00e4 hallitus p\u00e4ivyst\u00e4\u00e4 Haltia-rakennuksessa sijaitsevalla toimistolla joka toisena maanantaina. Tervetuloa esimerkiksi ostamaan haalarimerkkej\u00e4 tai laulukirjoja, lainaamaan kirjoja kirjastostamme \u2013 tai ihan vain tapaamaan kanssalegiolaisia kahvittelun merkeiss\u00e4!\",\"breadcrumb\":{\"@id\":\"https:\\\/\\\/legio.fi\\\/yhdistys\\\/legion-toimistopaivystys\\\/#breadcrumb\"},\"inLanguage\":\"en-GB\",\"potentialAction\":[{\"@type\":\"ReadAction\",\"target\":[\"https:\\\/\\\/legio.fi\\\/yhdistys\\\/legion-toimistopaivystys\\\/\"]}]},{\"@type\":\"BreadcrumbList\",\"@id\":\"https:\\\/\\\/legio.fi\\\/yhdistys\\\/legion-toimistopaivystys\\\/#breadcrumb\",\"itemListElement\":[{\"@type\":\"ListItem\",\"position\":1,\"name\":\"Etusivu\",\"item\":\"https:\\\/\\\/legio.fi\\\/\"},{\"@type\":\"ListItem\",\"position\":2,\"name\":\"Yhdistys\",\"item\":\"https:\\\/\\\/legio.fi\\\/yhdistys\\\/\"},{\"@type\":\"ListItem\",\"position\":3,\"name\":\"Legion toimistop\u00e4ivystys\"}]},{\"@type\":\"WebSite\",\"@id\":\"https:\\\/\\\/legio.fi\\\/#website\",\"url\":\"https:\\\/\\\/legio.fi\\\/\",\"name\":\"Legio Ostiensis ry\",\"description\":\"Ainej\u00e4rjest\u00f6 Legio Ostiensis ry\",\"publisher\":{\"@id\":\"https:\\\/\\\/legio.fi\\\/#organization\"},\"potentialAction\":[{\"@type\":\"SearchAction\",\"target\":{\"@type\":\"EntryPoint\",\"urlTemplate\":\"https:\\\/\\\/legio.fi\\\/?s={search_term_string}\"},\"query-input\":{\"@type\":\"PropertyValueSpecification\",\"valueRequired\":true,\"valueName\":\"search_term_string\"}}],\"inLanguage\":\"en-GB\"},{\"@type\":\"Organization\",\"@id\":\"https:\\\/\\\/legio.fi\\\/#organization\",\"name\":\"Legio Ostiensis ry\",\"url\":\"https:\\\/\\\/legio.fi\\\/\",\"logo\":{\"@type\":\"ImageObject\",\"inLanguage\":\"en-GB\",\"@id\":\"https:\\\/\\\/legio.fi\\\/#\\\/schema\\\/logo\\\/image\\\/\",\"url\":\"https:\\\/\\\/legio.fi\\\/wp-content\\\/uploads\\\/2022\\\/06\\\/Punainen-Ei-taustaa-v2-Vekrori-1.svg\",\"contentUrl\":\"https:\\\/\\\/legio.fi\\\/wp-content\\\/uploads\\\/2022\\\/06\\\/Punainen-Ei-taustaa-v2-Vekrori-1.svg\",\"width\":2855,\"height\":1988,\"caption\":\"Legio Ostiensis ry\"},\"image\":{\"@id\":\"https:\\\/\\\/legio.fi\\\/#\\\/schema\\\/logo\\\/image\\\/\"},\"sameAs\":[\"https:\\\/\\\/www.facebook.com\\\/legioostiensis\\\/\",\"https:\\\/\\\/x.com\\\/legiory\",\"https:\\\/\\\/www.instagram.com\\\/legiory\",\"https:\\\/\\\/www.instagram.com\\\/legiorysport\\\/\",\"https:\\\/\\\/fi.linkedin.com\\\/company\\\/legioostiensis\",\"https:\\\/\\\/open.spotify.com\\\/show\\\/5TDVshWa67PMfAp0hY0F9A\",\"https:\\\/\\\/www.tiktok.com\\\/tag\\\/legiory\"]}]}<\/script>\n<!-- \/ Yoast SEO plugin. -->","yoast_head_json":{"title":"Legion toimistop\u00e4ivystys - Legio Ostiensis ry","description":"Legion toimistop\u00e4ivystyksess\u00e4 hallitus p\u00e4ivyst\u00e4\u00e4 Haltia-rakennuksessa sijaitsevalla toimistolla joka toisena maanantaina. Tervetuloa esimerkiksi ostamaan haalarimerkkej\u00e4 tai laulukirjoja, lainaamaan kirjoja kirjastostamme \u2013 tai ihan vain tapaamaan kanssalegiolaisia kahvittelun merkeiss\u00e4!","robots":{"index":"index","follow":"follow","max-snippet":"max-snippet:-1","max-image-preview":"max-image-preview:large","max-video-preview":"max-video-preview:-1"},"canonical":"https:\/\/legio.fi\/en\/yhdistys\/legion-toimistopaivystys\/","og_locale":"en_GB","og_type":"article","og_title":"Legion toimistop\u00e4ivystys - Legio Ostiensis ry","og_description":"Legion toimistop\u00e4ivystyksess\u00e4 hallitus p\u00e4ivyst\u00e4\u00e4 Haltia-rakennuksessa sijaitsevalla toimistolla joka toisena maanantaina. Tervetuloa esimerkiksi ostamaan haalarimerkkej\u00e4 tai laulukirjoja, lainaamaan kirjoja kirjastostamme \u2013 tai ihan vain tapaamaan kanssalegiolaisia kahvittelun merkeiss\u00e4!","og_url":"https:\/\/legio.fi\/en\/yhdistys\/legion-toimistopaivystys\/","og_site_name":"Legio Ostiensis ry","article_publisher":"https:\/\/www.facebook.com\/legioostiensis\/","article_modified_time":"2026-03-09T17:19:51+00:00","twitter_card":"summary_large_image","twitter_site":"@legiory","twitter_misc":{"Estimated reading time":"1 minute"},"schema":{"@context":"https:\/\/schema.org","@graph":[{"@type":"WebPage","@id":"https:\/\/legio.fi\/yhdistys\/legion-toimistopaivystys\/","url":"https:\/\/legio.fi\/yhdistys\/legion-toimistopaivystys\/","name":"Legion toimistop\u00e4ivystys - Legio Ostiensis ry","isPartOf":{"@id":"https:\/\/legio.fi\/#website"},"datePublished":"2022-07-03T15:57:46+00:00","dateModified":"2026-03-09T17:19:51+00:00","description":"Legion toimistop\u00e4ivystyksess\u00e4 hallitus p\u00e4ivyst\u00e4\u00e4 Haltia-rakennuksessa sijaitsevalla toimistolla joka toisena maanantaina. Tervetuloa esimerkiksi ostamaan haalarimerkkej\u00e4 tai laulukirjoja, lainaamaan kirjoja kirjastostamme \u2013 tai ihan vain tapaamaan kanssalegiolaisia kahvittelun merkeiss\u00e4!","breadcrumb":{"@id":"https:\/\/legio.fi\/yhdistys\/legion-toimistopaivystys\/#breadcrumb"},"inLanguage":"en-GB","potentialAction":[{"@type":"ReadAction","target":["https:\/\/legio.fi\/yhdistys\/legion-toimistopaivystys\/"]}]},{"@type":"BreadcrumbList","@id":"https:\/\/legio.fi\/yhdistys\/legion-toimistopaivystys\/#breadcrumb","itemListElement":[{"@type":"ListItem","position":1,"name":"Etusivu","item":"https:\/\/legio.fi\/"},{"@type":"ListItem","position":2,"name":"Yhdistys","item":"https:\/\/legio.fi\/yhdistys\/"},{"@type":"ListItem","position":3,"name":"Legion toimistop\u00e4ivystys"}]},{"@type":"WebSite","@id":"https:\/\/legio.fi\/#website","url":"https:\/\/legio.fi\/","name":"Legio Ostiensis ry","description":"Ainej\u00e4rjest\u00f6 Legio Ostiensis ry","publisher":{"@id":"https:\/\/legio.fi\/#organization"},"potentialAction":[{"@type":"SearchAction","target":{"@type":"EntryPoint","urlTemplate":"https:\/\/legio.fi\/?s={search_term_string}"},"query-input":{"@type":"PropertyValueSpecification","valueRequired":true,"valueName":"search_term_string"}}],"inLanguage":"en-GB"},{"@type":"Organization","@id":"https:\/\/legio.fi\/#organization","name":"Legio Ostiensis ry","url":"https:\/\/legio.fi\/","logo":{"@type":"ImageObject","inLanguage":"en-GB","@id":"https:\/\/legio.fi\/#\/schema\/logo\/image\/","url":"https:\/\/legio.fi\/wp-content\/uploads\/2022\/06\/Punainen-Ei-taustaa-v2-Vekrori-1.svg","contentUrl":"https:\/\/legio.fi\/wp-content\/uploads\/2022\/06\/Punainen-Ei-taustaa-v2-Vekrori-1.svg","width":2855,"height":1988,"caption":"Legio Ostiensis ry"},"image":{"@id":"https:\/\/legio.fi\/#\/schema\/logo\/image\/"},"sameAs":["https:\/\/www.facebook.com\/legioostiensis\/","https:\/\/x.com\/legiory","https:\/\/www.instagram.com\/legiory","https:\/\/www.instagram.com\/legiorysport\/","https:\/\/fi.linkedin.com\/company\/legioostiensis","https:\/\/open.spotify.com\/show\/5TDVshWa67PMfAp0hY0F9A","https:\/\/www.tiktok.com\/tag\/legiory"]}]}},"_links":{"self":[{"href":"https:\/\/legio.fi\/en\/wp-json\/wp\/v2\/pages\/904","targetHints":{"allow":["GET"]}}],"collection":[{"href":"https:\/\/legio.fi\/en\/wp-json\/wp\/v2\/pages"}],"about":[{"href":"https:\/\/legio.fi\/en\/wp-json\/wp\/v2\/types\/page"}],"author":[{"embeddable":true,"href":"https:\/\/legio.fi\/en\/wp-json\/wp\/v2\/users\/4"}],"replies":[{"embeddable":true,"href":"https:\/\/legio.fi\/en\/wp-json\/wp\/v2\/comments?post=904"}],"version-history":[{"count":63,"href":"https:\/\/legio.fi\/en\/wp-json\/wp\/v2\/pages\/904\/revisions"}],"predecessor-version":[{"id":4728,"href":"https:\/\/legio.fi\/en\/wp-json\/wp\/v2\/pages\/904\/revisions\/4728"}],"up":[{"embeddable":true,"href":"https:\/\/legio.fi\/en\/wp-json\/wp\/v2\/pages\/995"}],"wp:attachment":[{"href":"https:\/\/legio.fi\/en\/wp-json\/wp\/v2\/media?parent=904"}],"curies":[{"name":"wp","href":"https:\/\/api.w.org\/{rel}","templated":true}]}}