{"id":471,"date":"2022-06-12T11:00:45","date_gmt":"2022-06-12T09:00:45","guid":{"rendered":"https:\/\/legio.fi\/?page_id=471"},"modified":"2023-03-28T20:13:56","modified_gmt":"2023-03-28T17:13:56","slug":"tietosuojaseloste","status":"publish","type":"page","link":"https:\/\/legio.fi\/en\/tietosuojaseloste\/","title":{"rendered":"Privacy statement"},"content":{"rendered":"<div data-elementor-type=\"wp-page\" data-elementor-id=\"471\" class=\"elementor elementor-471\">\n\t\t\t\t\t\t<section class=\"elementor-section elementor-top-section elementor-element elementor-element-5131a13e elementor-section-height-min-height elementor-section-full_width elementor-section-height-default elementor-section-items-middle\" data-id=\"5131a13e\" data-element_type=\"section\" data-e-type=\"section\" data-settings=\"{&quot;background_background&quot;:&quot;classic&quot;}\">\n\t\t\t\t\t\t\t<div class=\"elementor-background-overlay\"><\/div>\n\t\t\t\t\t\t\t<div class=\"elementor-container elementor-column-gap-default\">\n\t\t\t\t\t<div class=\"elementor-column elementor-col-100 elementor-top-column elementor-element elementor-element-1053ca7a\" data-id=\"1053ca7a\" data-element_type=\"column\" data-e-type=\"column\">\n\t\t\t<div class=\"elementor-widget-wrap elementor-element-populated\">\n\t\t\t\t\t\t<div class=\"elementor-element elementor-element-3d99e122 elementor-widget elementor-widget-heading\" data-id=\"3d99e122\" data-element_type=\"widget\" data-e-type=\"widget\" data-widget_type=\"heading.default\">\n\t\t\t\t<div class=\"elementor-widget-container\">\n\t\t\t\t\t<h1 class=\"elementor-heading-title elementor-size-default\">Privacy statement<\/h1>\t\t\t\t<\/div>\n\t\t\t\t<\/div>\n\t\t\t\t\t<\/div>\n\t\t<\/div>\n\t\t\t\t\t<\/div>\n\t\t<\/section>\n\t\t\t\t<section class=\"elementor-section elementor-top-section elementor-element elementor-element-40177ae0 elementor-section-boxed elementor-section-height-default elementor-section-height-default\" data-id=\"40177ae0\" data-element_type=\"section\" data-e-type=\"section\">\n\t\t\t\t\t\t<div class=\"elementor-container elementor-column-gap-default\">\n\t\t\t\t\t<div class=\"elementor-column elementor-col-100 elementor-top-column elementor-element elementor-element-4a3feea\" data-id=\"4a3feea\" data-element_type=\"column\" data-e-type=\"column\">\n\t\t\t<div class=\"elementor-widget-wrap elementor-element-populated\">\n\t\t\t\t\t\t<div class=\"elementor-element elementor-element-7f71f26 elementor-widget elementor-widget-text-editor\" data-id=\"7f71f26\" data-element_type=\"widget\" data-e-type=\"widget\" data-widget_type=\"text-editor.default\">\n\t\t\t\t<div class=\"elementor-widget-container\">\n\t\t\t\t\t\t\t\t\t<h5 style=\"text-align: center;\"><span style=\"color: #000000;\"><strong>Please read our privacy policy carefully before you disclose your information to us. This Statement explains the privacy policy of our website, membership register and payment register.<\/strong><\/span><\/h5><div style=\"text-align: center;\"><em><span style=\"color: #000000;\">The Privacy Statement has been last updated 28.3.2023<\/span><\/em><\/div>\t\t\t\t\t\t\t\t<\/div>\n\t\t\t\t<\/div>\n\t\t\t\t<div class=\"elementor-element elementor-element-491e677 elementor-widget elementor-widget-eael-adv-tabs\" data-id=\"491e677\" data-element_type=\"widget\" data-e-type=\"widget\" data-widget_type=\"eael-adv-tabs.default\">\n\t\t\t\t<div class=\"elementor-widget-container\">\n\t\t\t\t\t        <div data-scroll-on-click=\"no\" data-scroll-speed=\"300\" id=\"eael-advance-tabs-491e677\" class=\"eael-advance-tabs eael-tabs-horizontal eael-tab-auto-active\" data-tabid=\"491e677\">\n            <div class=\"eael-tabs-nav\">\n                <ul class=\"\" role=\"tablist\">\n                                            <li id=\"Kayttoehdot\" class=\"inactive eael-tab-item-trigger eael-tab-nav-item\" aria-selected=\"true\" data-tab=\"1\" role=\"tab\" tabindex=\"0\" aria-controls=\"Kayttoehdot-tab\" aria-expanded=\"false\">\n                            \n                            \n                            \n                                                            <span class=\"eael-tab-title title-after-icon\" >Terms of Use of the Site<\/span>                                                    <\/li>\n                                            <li id=\"Jasenrekisteri\" class=\"inactive eael-tab-item-trigger eael-tab-nav-item\" aria-selected=\"false\" data-tab=\"2\" role=\"tab\" tabindex=\"-1\" aria-controls=\"Jasenrekisteri-tab\" aria-expanded=\"false\">\n                            \n                            \n                            \n                                                            <span class=\"eael-tab-title title-after-icon\" >Member register, payment register and event registrations<\/span>                                                    <\/li>\n                    \n                                  <\/ul>\n            <\/div>\n            \n            <div class=\"eael-tabs-content\">\n\t\t        \n                    <div id=\"Kayttoehdot-tab\" class=\"clearfix eael-tab-content-item inactive\" data-title-link=\"Kayttoehdot-tab\">\n\t\t\t\t        <p><strong>1 INTRODUCTION<\/strong><\/p><p>Legio Ostiensis ry &#8221;toimittaja&#8221; sitoutuu huolehtimaan sivustonsa legio.fi tietoturvasta ja k\u00e4ytt\u00e4jiens\u00e4 yksityisyydest\u00e4. T\u00e4t\u00e4 sopimusta sovelletaan toimittajan ja sivuston k\u00e4ytt\u00e4j\u00e4n &#8221;k\u00e4ytt\u00e4j\u00e4&#8221; v\u00e4lill\u00e4.<\/p><p>By using the website, you accept this Agreement. If you do not agree to these terms and conditions, please do not use the website.<\/p><p><strong>2 PERSONLA DATA<\/strong><\/p><p>More on personal data see:\u00a0<a href=\"https:\/\/legio.fi\/en\/#jasenrekisteri\">membership register<\/a>. We collect the public IP address of the Users to ensure that the website is not subject to Denial of Service, and to keep a rough overview of the areas from which the site is accessed.\u00a0<\/p><p><strong>3 DISCLOSURE OF INFORMATION<\/strong><\/p><p>The Provider may disclose to third parties information about the website usage, but this does not include any identifying information.\u00a0<\/p><p><strong>4 INFORMATION SECURITY<\/strong><\/p><p>The connection between the website and the User is encrypted. Access to the site is restricted and secured by passwords and other organisational and technical means. Natural persons who process personal data are bound by a duty of confidentiality. Our partners are committed to respecting the principles of data protection.\u00a0<\/p><p><strong>5 THE USE OF COOKIES<\/strong><\/p><p>Cookies are small amounts of data that are stored on the User's computer. They are used to provide videos, links to social media and other rich content on the website. You can disable all cookies in your browser settings, but please note that this may degrade your experience.\u00a0<\/p><p>An automatically generated and updated list of cookies in use can be found <a href=\"https:\/\/legio.fi\/en\/evasteet\/\">here.<\/a><\/p><p><strong>6 TRANSFER OF PERSONAL DATA<\/strong><\/p><p>We do not transfer the User's information outside the EU or EEA, except to our partners who may do so when providing their services. Even then, they will comply with EU data protection legislation.<\/p><p><strong>7 THIRD-PARTY SITES<\/strong><\/p><p>This Agreement is only valid when you visit the pages under the legio.fi domain name. The website contains links to other sites that are not covered by this Agreement.<\/p>                    <\/div>\n\t\t        \n                    <div id=\"Jasenrekisteri-tab\" class=\"clearfix eael-tab-content-item inactive\" data-title-link=\"Jasenrekisteri-tab\">\n\t\t\t\t        <p><strong>1 REGISTER AND REGISTERS<\/strong><\/p><p><strong>Controller and contact information<\/strong><\/p><p>Legio Ostiensis ry, It\u00e4-Suomen yliopisto\/oikeustieteet\u00a0PL 111\u00a080101 Joensuu \u00a0Y-tunnus: 17769166<\/p><p><a href=\"mailto:halliutus.legio@uef.fi\">hallitus.legio@uef.fi<\/a><\/p><p><strong>Registers<\/strong><\/p><p>Legio Ostiensis ry's member register<\/p><p>Legio Ostiensis ry's payment register<\/p><p>Legio Ostiensis ry's event registrations<\/p><p><strong>2 BASIS OF PERSONAL DATA PROCESSING<\/strong><\/p><p>There must be a legal basis for the processing of personal data. The personal data provided will not be processed for purposes other than those presented for it.<\/p><p>The primary basis for processing personal data is the membership relationship between Legio Ostiensis ry and the member. We can also process data based on consent, such as when registering for events organized by the association.\u00a0<\/p><p><strong>3 WHICH INFORMATION IS COLLECTED<\/strong><\/p><p>We collect information from our members that is necessary to manage the membership relationship between the member and the association.\u00a0<\/p><p>We also collect payment information, which may include, for example, account number or credit card number. We use this information to confirm the payment of the membership fee and to enable the sale of our support products. For card payments, we use the iZettle supplier. You can familiarize yourself with iZettle's data protection <a href=\"https:\/\/www.izettle.com\/fi\/yksityisyyden-suoja\">here<\/a>The subdomain kauppa.legio.fi uses Stripe as a payment intermediary, whose data protection you can familiarize yourself with <a href=\"https:\/\/stripe.com\/en-fi\/privacy\">here<\/a>.\u00a0<\/p><p>We collect information from the registrant himself, e.g. via e-mail or a form on the website, but in special cases we may also receive information from the Student Union of Eastern Finland or the University of Eastern Finland.\u00a0<\/p><p>Sometimes the collection of personal data takes place using a form created for Google Forms or Microsoft Forms, Kide.ap or Mailchimp. You can familiarize yourself with Google's data protection <a href=\"https:\/\/www.google.com\/intl\/fi\/policies\/privacy\/\" target=\"_blank\" rel=\"noopener\">here<\/a>Microsoft's data protection <a href=\"https:\/\/privacy.microsoft.com\/fi-fi\/privacystatement\" target=\"_blank\" rel=\"noopener\">here. <\/a>Kide.app data protection <a href=\"https:\/\/kide.app\/help\/privacy\">here<\/a>Mailchimp data protection <a href=\"https:\/\/www.intuit.com\/privacy\/statement\/\">here<\/a>.<\/p><p>In order to organize events, we may collect, process and store the following information:<\/p><ul><li>Name<\/li><li>Position in the association<\/li><li>Email and phone number<\/li><li>Address<\/li><li>Personal identification number \/ social security number or date of birth<\/li><li>Gender<\/li><li>Nationality<\/li><li>Identity card information<\/li><li>Health information that directly affects participation, such as special diets and allergies<\/li><li>emergency contact name, phone number and email<\/li><li>bank contact information<\/li><\/ul><p>The following information can be collected, processed and stored from the association's administration:<\/p><ul><li>Name<\/li><li>email<\/li><li>Address<\/li><li>Personal identification number<\/li><li>Nationality<\/li><li>Political influence<\/li><li>Identity card information<\/li><li>bank contact information<\/li><\/ul><p>Regarding the membership register, the following information can be collected, processed and stored:<\/p><ul><li>Name<\/li><li>Position in the association<\/li><li>Email and phone number<\/li><li>Address and place of birth<\/li><li>Year of starting studies<\/li><li>Student ID number<\/li><li>Free-form membership application sent to the association<\/li><\/ul><p>Legio Ostiensis ry also reserves the opportunity to process personal data other than those mentioned above if necessary.<\/p><p><strong>4 STORAGE PERIODS<\/strong><\/p><p>We keep personal information about your membership for the duration of your membership. We store payment information for 10 years, as stipulated in Section 2:10 of the Accounting Act (1336\/1997). After this, the data will be deleted without delay, unless otherwise dictated by legislation, official regulations or the legitimate interests of the data controller.\u00a0<\/p><p>The participation data collected for the organization of the event will be deleted immediately and at the latest after two weeks have passed since the organization of the event, unless otherwise dictated by legislation, regulations of the authorities or the legitimate interests of the data controller.<\/p><p><strong>5 TRANSFER OF PERSONAL DATA<\/strong><\/p><p>In principle, Legio Ostiensis ry does not disclose personal data to third parties. Exceptions:<\/p><ul><li><span style=\"font-size: 16px\">Obligation by law to hand over information to authorities, such as assisting preliminary investigation authorities<\/span><strong style=\"font-size: 16px\">\u00a0<\/strong><\/li><li>When organizing events, the necessary information is released to external parties, such as accommodation or catering service providers<\/li><\/ul><p>In terms of the association's administration, information can be disclosed to financial institutions, the Patent and Registration Office and authorities based on the right based on the law.<\/p><p>We do not transfer the User's information outside the EU or EEA, except to our partners who may do so when providing their services. Even then, they will comply with EU data protection legislation.<\/p><p><strong>6 REGISTRY PROTECTION<\/strong><\/p><p>The registers are stored in encrypted form on a password-protected server. Acts as a service provider for the member register <a href=\"https:\/\/www.yhdistysavain.fi\/\">Yhdistysavain<\/a>. Care is taken when processing the registers and all processed information is protected using appropriate technical, administrative and organizational measures. The registrar ensures that stored data as well as server access rights and other data critical to the security of personal data are handled confidentially and only by the board members of the association who need the data to perform their duties.<\/p><p><strong>7 RIGHTS OF THE REGISTRANT<\/strong><\/p><p>The registered person has the right to check, change, correct and delete or demand the restriction of the processing of information about her and to transfer the information about her to another controller.<strong>\u00a0\u00a0<\/strong>The registered person also has the right to withdraw consent to the processing of personal data at any time.\u00a0<\/p><p>In order to exercise these rights, the data subject must contact the controller by e-mail or letter. However, it should be noted that in order to take care of data security, we do not hand over the collected data by e-mail.\u00a0<\/p><p>If the data subject wants to delete or limit the processing of his data, we may no longer be able to offer our services to the data subject. We hereby reserve the right to cancel the right to participate in events organized by the association or to cancel membership or not be accepted as a member in the event that the information is no longer sufficient to maintain membership.\u00a0<\/p><p>The registered person has the right to file a complaint with the competent complaint authority if they feel that the controller has not complied with their obligations stated by law.<\/p><p>In Finland, the competent supervisory authority is the Data Protection Commissioner.<\/p>                    <\/div>\n\t\t                    <\/div>\n        <\/div>\n\t\t\t\t<\/div>\n\t\t\t\t<\/div>\n\t\t\t\t\t<\/div>\n\t\t<\/div>\n\t\t\t\t\t<\/div>\n\t\t<\/section>\n\t\t\t\t<\/div>","protected":false},"excerpt":{"rendered":"<p>Tietosuojaseloste Tutustu huolellisesti tietuosuojamme periaatteisiin ennen kuin luovutat meille tietojasi. T\u00e4ss\u00e4 selostetaan internet-sivustomme sek\u00e4 j\u00e4senrekisterimme ja maksurekisterimme tietosuoja. Tietosuojaseloste on p\u00e4ivitetty viimeksi 28.3.2023 Sivuston k\u00e4ytt\u00f6ehdot J\u00e4senrekisteri, maksurekisteri ja tapahtumailmoittautumiset 1 YLEIST\u00c4 Legio Ostiensis ry &#8221;toimittaja&#8221; sitoutuu huolehtimaan sivustonsa legio.fi tietoturvasta ja k\u00e4ytt\u00e4jiens\u00e4 yksityisyydest\u00e4. T\u00e4t\u00e4 sopimusta sovelletaan toimittajan ja sivuston k\u00e4ytt\u00e4j\u00e4n &#8221;k\u00e4ytt\u00e4j\u00e4&#8221; v\u00e4lill\u00e4. K\u00e4ytt\u00e4ess\u00e4si sivustoa hyv\u00e4ksyt [&hellip;]<\/p>\n","protected":false},"author":4,"featured_media":0,"parent":0,"menu_order":0,"comment_status":"closed","ping_status":"closed","template":"","meta":{"site-sidebar-layout":"no-sidebar","site-content-layout":"page-builder","ast-site-content-layout":"default","site-content-style":"default","site-sidebar-style":"default","ast-global-header-display":"","ast-banner-title-visibility":"","ast-main-header-display":"","ast-hfb-above-header-display":"","ast-hfb-below-header-display":"","ast-hfb-mobile-header-display":"","site-post-title":"disabled","ast-breadcrumbs-content":"","ast-featured-img":"","footer-sml-layout":"","ast-disable-related-posts":"","theme-transparent-header-meta":"enabled","adv-header-id-meta":"","stick-header-meta":"","header-above-stick-meta":"","header-main-stick-meta":"","header-below-stick-meta":"","astra-migrate-meta-layouts":"default","ast-page-background-enabled":"default","ast-page-background-meta":{"desktop":{"background-color":"","background-image":"","background-repeat":"repeat","background-position":"center center","background-size":"auto","background-attachment":"scroll","background-type":"","background-media":"","overlay-type":"","overlay-color":"","overlay-opacity":"","overlay-gradient":""},"tablet":{"background-color":"","background-image":"","background-repeat":"repeat","background-position":"center center","background-size":"auto","background-attachment":"scroll","background-type":"","background-media":"","overlay-type":"","overlay-color":"","overlay-opacity":"","overlay-gradient":""},"mobile":{"background-color":"","background-image":"","background-repeat":"repeat","background-position":"center center","background-size":"auto","background-attachment":"scroll","background-type":"","background-media":"","overlay-type":"","overlay-color":"","overlay-opacity":"","overlay-gradient":""}},"ast-content-background-meta":{"desktop":{"background-color":"var(--ast-global-color-5)","background-image":"","background-repeat":"repeat","background-position":"center center","background-size":"auto","background-attachment":"scroll","background-type":"","background-media":"","overlay-type":"","overlay-color":"","overlay-opacity":"","overlay-gradient":""},"tablet":{"background-color":"var(--ast-global-color-5)","background-image":"","background-repeat":"repeat","background-position":"center center","background-size":"auto","background-attachment":"scroll","background-type":"","background-media":"","overlay-type":"","overlay-color":"","overlay-opacity":"","overlay-gradient":""},"mobile":{"background-color":"var(--ast-global-color-5)","background-image":"","background-repeat":"repeat","background-position":"center center","background-size":"auto","background-attachment":"scroll","background-type":"","background-media":"","overlay-type":"","overlay-color":"","overlay-opacity":"","overlay-gradient":""}},"footnotes":""},"class_list":["post-471","page","type-page","status-publish","hentry"],"yoast_head":"<!-- This site is optimized with the Yoast SEO plugin v27.3 - https:\/\/yoast.com\/product\/yoast-seo-wordpress\/ -->\n<title>Tietosuojaseloste - Legio Ostiensis ry<\/title>\n<meta name=\"description\" content=\"Tietosuojaseloste. Sivuston k\u00e4ytt\u00f6ehdot, j\u00e4senreksiteri ja maksurekisteri\" \/>\n<meta name=\"robots\" content=\"index, follow, max-snippet:-1, max-image-preview:large, max-video-preview:-1\" \/>\n<link rel=\"canonical\" href=\"https:\/\/legio.fi\/en\/tietosuojaseloste\/\" \/>\n<meta property=\"og:locale\" content=\"en_GB\" \/>\n<meta property=\"og:type\" content=\"article\" \/>\n<meta property=\"og:title\" content=\"Tietosuojaseloste - Legio Ostiensis ry\" \/>\n<meta property=\"og:description\" content=\"Tietosuojaseloste. Sivuston k\u00e4ytt\u00f6ehdot, j\u00e4senreksiteri ja maksurekisteri\" \/>\n<meta property=\"og:url\" content=\"https:\/\/legio.fi\/en\/tietosuojaseloste\/\" \/>\n<meta property=\"og:site_name\" content=\"Legio Ostiensis ry\" \/>\n<meta property=\"article:publisher\" content=\"https:\/\/www.facebook.com\/legioostiensis\/\" \/>\n<meta property=\"article:modified_time\" content=\"2023-03-28T17:13:56+00:00\" \/>\n<meta name=\"twitter:card\" content=\"summary_large_image\" \/>\n<meta name=\"twitter:site\" content=\"@legiory\" \/>\n<meta name=\"twitter:label1\" content=\"Estimated reading time\" \/>\n\t<meta name=\"twitter:data1\" content=\"6 minutes\" \/>\n<script type=\"application\/ld+json\" class=\"yoast-schema-graph\">{\"@context\":\"https:\\\/\\\/schema.org\",\"@graph\":[{\"@type\":\"WebPage\",\"@id\":\"https:\\\/\\\/legio.fi\\\/tietosuojaseloste\\\/\",\"url\":\"https:\\\/\\\/legio.fi\\\/tietosuojaseloste\\\/\",\"name\":\"Tietosuojaseloste - Legio Ostiensis ry\",\"isPartOf\":{\"@id\":\"https:\\\/\\\/legio.fi\\\/#website\"},\"datePublished\":\"2022-06-12T09:00:45+00:00\",\"dateModified\":\"2023-03-28T17:13:56+00:00\",\"description\":\"Tietosuojaseloste. Sivuston k\u00e4ytt\u00f6ehdot, j\u00e4senreksiteri ja maksurekisteri\",\"breadcrumb\":{\"@id\":\"https:\\\/\\\/legio.fi\\\/tietosuojaseloste\\\/#breadcrumb\"},\"inLanguage\":\"en-GB\",\"potentialAction\":[{\"@type\":\"ReadAction\",\"target\":[\"https:\\\/\\\/legio.fi\\\/tietosuojaseloste\\\/\"]}]},{\"@type\":\"BreadcrumbList\",\"@id\":\"https:\\\/\\\/legio.fi\\\/tietosuojaseloste\\\/#breadcrumb\",\"itemListElement\":[{\"@type\":\"ListItem\",\"position\":1,\"name\":\"Etusivu\",\"item\":\"https:\\\/\\\/legio.fi\\\/\"},{\"@type\":\"ListItem\",\"position\":2,\"name\":\"Tietosuojaseloste\"}]},{\"@type\":\"WebSite\",\"@id\":\"https:\\\/\\\/legio.fi\\\/#website\",\"url\":\"https:\\\/\\\/legio.fi\\\/\",\"name\":\"Legio Ostiensis ry\",\"description\":\"Ainej\u00e4rjest\u00f6 Legio Ostiensis ry\",\"publisher\":{\"@id\":\"https:\\\/\\\/legio.fi\\\/#organization\"},\"potentialAction\":[{\"@type\":\"SearchAction\",\"target\":{\"@type\":\"EntryPoint\",\"urlTemplate\":\"https:\\\/\\\/legio.fi\\\/?s={search_term_string}\"},\"query-input\":{\"@type\":\"PropertyValueSpecification\",\"valueRequired\":true,\"valueName\":\"search_term_string\"}}],\"inLanguage\":\"en-GB\"},{\"@type\":\"Organization\",\"@id\":\"https:\\\/\\\/legio.fi\\\/#organization\",\"name\":\"Legio Ostiensis ry\",\"url\":\"https:\\\/\\\/legio.fi\\\/\",\"logo\":{\"@type\":\"ImageObject\",\"inLanguage\":\"en-GB\",\"@id\":\"https:\\\/\\\/legio.fi\\\/#\\\/schema\\\/logo\\\/image\\\/\",\"url\":\"https:\\\/\\\/legio.fi\\\/wp-content\\\/uploads\\\/2022\\\/06\\\/Punainen-Ei-taustaa-v2-Vekrori-1.svg\",\"contentUrl\":\"https:\\\/\\\/legio.fi\\\/wp-content\\\/uploads\\\/2022\\\/06\\\/Punainen-Ei-taustaa-v2-Vekrori-1.svg\",\"width\":2855,\"height\":1988,\"caption\":\"Legio Ostiensis ry\"},\"image\":{\"@id\":\"https:\\\/\\\/legio.fi\\\/#\\\/schema\\\/logo\\\/image\\\/\"},\"sameAs\":[\"https:\\\/\\\/www.facebook.com\\\/legioostiensis\\\/\",\"https:\\\/\\\/x.com\\\/legiory\",\"https:\\\/\\\/www.instagram.com\\\/legiory\",\"https:\\\/\\\/www.instagram.com\\\/legiorysport\\\/\",\"https:\\\/\\\/fi.linkedin.com\\\/company\\\/legioostiensis\",\"https:\\\/\\\/open.spotify.com\\\/show\\\/5TDVshWa67PMfAp0hY0F9A\",\"https:\\\/\\\/www.tiktok.com\\\/tag\\\/legiory\"]}]}<\/script>\n<!-- \/ Yoast SEO plugin. -->","yoast_head_json":{"title":"Tietosuojaseloste - Legio Ostiensis ry","description":"Tietosuojaseloste. Sivuston k\u00e4ytt\u00f6ehdot, j\u00e4senreksiteri ja maksurekisteri","robots":{"index":"index","follow":"follow","max-snippet":"max-snippet:-1","max-image-preview":"max-image-preview:large","max-video-preview":"max-video-preview:-1"},"canonical":"https:\/\/legio.fi\/en\/tietosuojaseloste\/","og_locale":"en_GB","og_type":"article","og_title":"Tietosuojaseloste - Legio Ostiensis ry","og_description":"Tietosuojaseloste. Sivuston k\u00e4ytt\u00f6ehdot, j\u00e4senreksiteri ja maksurekisteri","og_url":"https:\/\/legio.fi\/en\/tietosuojaseloste\/","og_site_name":"Legio Ostiensis ry","article_publisher":"https:\/\/www.facebook.com\/legioostiensis\/","article_modified_time":"2023-03-28T17:13:56+00:00","twitter_card":"summary_large_image","twitter_site":"@legiory","twitter_misc":{"Estimated reading time":"6 minutes"},"schema":{"@context":"https:\/\/schema.org","@graph":[{"@type":"WebPage","@id":"https:\/\/legio.fi\/tietosuojaseloste\/","url":"https:\/\/legio.fi\/tietosuojaseloste\/","name":"Tietosuojaseloste - Legio Ostiensis ry","isPartOf":{"@id":"https:\/\/legio.fi\/#website"},"datePublished":"2022-06-12T09:00:45+00:00","dateModified":"2023-03-28T17:13:56+00:00","description":"Tietosuojaseloste. Sivuston k\u00e4ytt\u00f6ehdot, j\u00e4senreksiteri ja maksurekisteri","breadcrumb":{"@id":"https:\/\/legio.fi\/tietosuojaseloste\/#breadcrumb"},"inLanguage":"en-GB","potentialAction":[{"@type":"ReadAction","target":["https:\/\/legio.fi\/tietosuojaseloste\/"]}]},{"@type":"BreadcrumbList","@id":"https:\/\/legio.fi\/tietosuojaseloste\/#breadcrumb","itemListElement":[{"@type":"ListItem","position":1,"name":"Etusivu","item":"https:\/\/legio.fi\/"},{"@type":"ListItem","position":2,"name":"Tietosuojaseloste"}]},{"@type":"WebSite","@id":"https:\/\/legio.fi\/#website","url":"https:\/\/legio.fi\/","name":"Legio Ostiensis ry","description":"Ainej\u00e4rjest\u00f6 Legio Ostiensis ry","publisher":{"@id":"https:\/\/legio.fi\/#organization"},"potentialAction":[{"@type":"SearchAction","target":{"@type":"EntryPoint","urlTemplate":"https:\/\/legio.fi\/?s={search_term_string}"},"query-input":{"@type":"PropertyValueSpecification","valueRequired":true,"valueName":"search_term_string"}}],"inLanguage":"en-GB"},{"@type":"Organization","@id":"https:\/\/legio.fi\/#organization","name":"Legio Ostiensis ry","url":"https:\/\/legio.fi\/","logo":{"@type":"ImageObject","inLanguage":"en-GB","@id":"https:\/\/legio.fi\/#\/schema\/logo\/image\/","url":"https:\/\/legio.fi\/wp-content\/uploads\/2022\/06\/Punainen-Ei-taustaa-v2-Vekrori-1.svg","contentUrl":"https:\/\/legio.fi\/wp-content\/uploads\/2022\/06\/Punainen-Ei-taustaa-v2-Vekrori-1.svg","width":2855,"height":1988,"caption":"Legio Ostiensis ry"},"image":{"@id":"https:\/\/legio.fi\/#\/schema\/logo\/image\/"},"sameAs":["https:\/\/www.facebook.com\/legioostiensis\/","https:\/\/x.com\/legiory","https:\/\/www.instagram.com\/legiory","https:\/\/www.instagram.com\/legiorysport\/","https:\/\/fi.linkedin.com\/company\/legioostiensis","https:\/\/open.spotify.com\/show\/5TDVshWa67PMfAp0hY0F9A","https:\/\/www.tiktok.com\/tag\/legiory"]}]}},"_links":{"self":[{"href":"https:\/\/legio.fi\/en\/wp-json\/wp\/v2\/pages\/471","targetHints":{"allow":["GET"]}}],"collection":[{"href":"https:\/\/legio.fi\/en\/wp-json\/wp\/v2\/pages"}],"about":[{"href":"https:\/\/legio.fi\/en\/wp-json\/wp\/v2\/types\/page"}],"author":[{"embeddable":true,"href":"https:\/\/legio.fi\/en\/wp-json\/wp\/v2\/users\/4"}],"replies":[{"embeddable":true,"href":"https:\/\/legio.fi\/en\/wp-json\/wp\/v2\/comments?post=471"}],"version-history":[{"count":97,"href":"https:\/\/legio.fi\/en\/wp-json\/wp\/v2\/pages\/471\/revisions"}],"predecessor-version":[{"id":3175,"href":"https:\/\/legio.fi\/en\/wp-json\/wp\/v2\/pages\/471\/revisions\/3175"}],"wp:attachment":[{"href":"https:\/\/legio.fi\/en\/wp-json\/wp\/v2\/media?parent=471"}],"curies":[{"name":"wp","href":"https:\/\/api.w.org\/{rel}","templated":true}]}}