{"id":1212,"date":"2022-07-09T00:39:59","date_gmt":"2022-07-08T22:39:59","guid":{"rendered":"https:\/\/legio.fi\/?page_id=1212"},"modified":"2025-03-16T20:44:58","modified_gmt":"2025-03-16T18:44:58","slug":"lukiovierailut","status":"publish","type":"page","link":"https:\/\/legio.fi\/en\/lukiovierailut\/","title":{"rendered":"Lukiovierailut"},"content":{"rendered":"<div data-elementor-type=\"wp-page\" data-elementor-id=\"1212\" class=\"elementor elementor-1212\">\n\t\t\t\t\t\t<section class=\"elementor-section elementor-top-section elementor-element elementor-element-5131a13e elementor-section-height-min-height elementor-section-full_width elementor-section-height-default elementor-section-items-middle\" data-id=\"5131a13e\" data-element_type=\"section\" data-e-type=\"section\" data-settings=\"{&quot;background_background&quot;:&quot;classic&quot;}\">\n\t\t\t\t\t\t\t<div class=\"elementor-background-overlay\"><\/div>\n\t\t\t\t\t\t\t<div class=\"elementor-container elementor-column-gap-default\">\n\t\t\t\t\t<div class=\"elementor-column elementor-col-100 elementor-top-column elementor-element elementor-element-1053ca7a\" data-id=\"1053ca7a\" data-element_type=\"column\" data-e-type=\"column\">\n\t\t\t<div class=\"elementor-widget-wrap elementor-element-populated\">\n\t\t\t\t\t\t<div class=\"elementor-element elementor-element-3d99e122 elementor-widget elementor-widget-heading\" data-id=\"3d99e122\" data-element_type=\"widget\" data-e-type=\"widget\" data-widget_type=\"heading.default\">\n\t\t\t\t<div class=\"elementor-widget-container\">\n\t\t\t\t\t<h1 class=\"elementor-heading-title elementor-size-default\">LUKIOVIERAILUT<\/h1>\t\t\t\t<\/div>\n\t\t\t\t<\/div>\n\t\t\t\t\t<\/div>\n\t\t<\/div>\n\t\t\t\t\t<\/div>\n\t\t<\/section>\n\t\t\t\t<section class=\"elementor-section elementor-top-section elementor-element elementor-element-f298c62 elementor-section-boxed elementor-section-height-default elementor-section-height-default\" data-id=\"f298c62\" data-element_type=\"section\" data-e-type=\"section\">\n\t\t\t\t\t\t<div class=\"elementor-container elementor-column-gap-default\">\n\t\t\t\t\t<div class=\"elementor-column elementor-col-100 elementor-top-column elementor-element elementor-element-2746ffc\" data-id=\"2746ffc\" data-element_type=\"column\" data-e-type=\"column\">\n\t\t\t<div class=\"elementor-widget-wrap elementor-element-populated\">\n\t\t\t\t\t\t<div class=\"elementor-element elementor-element-c22bd80 elementor-widget elementor-widget-heading\" data-id=\"c22bd80\" data-element_type=\"widget\" data-e-type=\"widget\" data-widget_type=\"heading.default\">\n\t\t\t\t<div class=\"elementor-widget-container\">\n\t\t\t\t\t<h2 class=\"elementor-heading-title elementor-size-default\">This page contains information on visiting Finnish high schools to introduce Legio.<\/h2>\t\t\t\t<\/div>\n\t\t\t\t<\/div>\n\t\t\t\t<div class=\"elementor-element elementor-element-dacd961 elementor-widget elementor-widget-text-editor\" data-id=\"dacd961\" data-element_type=\"widget\" data-e-type=\"widget\" data-widget_type=\"text-editor.default\">\n\t\t\t\t<div class=\"elementor-widget-container\">\n\t\t\t\t\t\t\t\t\t<p>Legiolaisten on mahdollista esitell\u00e4\u00a0 julkisoikeuden opintoja, oikeustieteiden laitosta ja ainej\u00e4rjest\u00f6\u00e4 esimerkiksi entisiss\u00e4 lukioissaan. T\u00e4st\u00e4 voi saada opintopisteit\u00e4 oikeustieteiden laitokselta. Mik\u00e4li tahtoisit esitell\u00e4 Legiota ja julkisoikeutta lukiolaisille, otathan yhteytt\u00e4 hallitukseen: hallitus.legio@uef.fi. Hallitukselta saat ajankohtaiset esittelymateriaalit ja ohjeistuksen esittelyj\u00e4 varten.<\/p>\t\t\t\t\t\t\t\t<\/div>\n\t\t\t\t<\/div>\n\t\t\t\t\t<\/div>\n\t\t<\/div>\n\t\t\t\t\t<\/div>\n\t\t<\/section>\n\t\t\t\t<\/div>","protected":false},"excerpt":{"rendered":"<p>LUKIOVIERAILUT Esittelydiat lukiovierailuja varten Legiolaisten on mahdollista esitell\u00e4\u00a0 julkisoikeuden opintoja, oikeustieteiden laitosta ja ainej\u00e4rjest\u00f6\u00e4 esimerkiksi entisiss\u00e4 lukioissaan. T\u00e4st\u00e4 voi saada opintopisteit\u00e4 oikeustieteiden laitokselta. Mik\u00e4li tahtoisit esitell\u00e4 Legiota ja julkisoikeutta lukiolaisille, otathan yhteytt\u00e4 hallitukseen: hallitus.legio@uef.fi. Hallitukselta saat ajankohtaiset esittelymateriaalit ja ohjeistuksen esittelyj\u00e4 varten.<\/p>","protected":false},"author":4,"featured_media":0,"parent":0,"menu_order":0,"comment_status":"closed","ping_status":"closed","template":"elementor_header_footer","meta":{"site-sidebar-layout":"no-sidebar","site-content-layout":"page-builder","ast-site-content-layout":"default","site-content-style":"default","site-sidebar-style":"default","ast-global-header-display":"","ast-banner-title-visibility":"","ast-main-header-display":"","ast-hfb-above-header-display":"","ast-hfb-below-header-display":"","ast-hfb-mobile-header-display":"","site-post-title":"disabled","ast-breadcrumbs-content":"","ast-featured-img":"","footer-sml-layout":"","ast-disable-related-posts":"","theme-transparent-header-meta":"enabled","adv-header-id-meta":"","stick-header-meta":"","header-above-stick-meta":"","header-main-stick-meta":"","header-below-stick-meta":"","astra-migrate-meta-layouts":"default","ast-page-background-enabled":"default","ast-page-background-meta":{"desktop":{"background-color":"","background-image":"","background-repeat":"repeat","background-position":"center center","background-size":"auto","background-attachment":"scroll","background-type":"","background-media":"","overlay-type":"","overlay-color":"","overlay-opacity":"","overlay-gradient":""},"tablet":{"background-color":"","background-image":"","background-repeat":"repeat","background-position":"center center","background-size":"auto","background-attachment":"scroll","background-type":"","background-media":"","overlay-type":"","overlay-color":"","overlay-opacity":"","overlay-gradient":""},"mobile":{"background-color":"","background-image":"","background-repeat":"repeat","background-position":"center center","background-size":"auto","background-attachment":"scroll","background-type":"","background-media":"","overlay-type":"","overlay-color":"","overlay-opacity":"","overlay-gradient":""}},"ast-content-background-meta":{"desktop":{"background-color":"var(--ast-global-color-5)","background-image":"","background-repeat":"repeat","background-position":"center center","background-size":"auto","background-attachment":"scroll","background-type":"","background-media":"","overlay-type":"","overlay-color":"","overlay-opacity":"","overlay-gradient":""},"tablet":{"background-color":"var(--ast-global-color-5)","background-image":"","background-repeat":"repeat","background-position":"center center","background-size":"auto","background-attachment":"scroll","background-type":"","background-media":"","overlay-type":"","overlay-color":"","overlay-opacity":"","overlay-gradient":""},"mobile":{"background-color":"var(--ast-global-color-5)","background-image":"","background-repeat":"repeat","background-position":"center center","background-size":"auto","background-attachment":"scroll","background-type":"","background-media":"","overlay-type":"","overlay-color":"","overlay-opacity":"","overlay-gradient":""}},"footnotes":""},"class_list":["post-1212","page","type-page","status-publish","hentry"],"yoast_head":"<!-- This site is optimized with the Yoast SEO plugin v27.3 - https:\/\/yoast.com\/product\/yoast-seo-wordpress\/ -->\n<title>Lukiovierailut - Legio Ostiensis ry<\/title>\n<meta name=\"description\" content=\"Esittelymateriaali lukiovierailuja varten.\" \/>\n<meta name=\"robots\" content=\"index, follow, max-snippet:-1, max-image-preview:large, max-video-preview:-1\" \/>\n<link rel=\"canonical\" href=\"https:\/\/legio.fi\/en\/lukiovierailut\/\" \/>\n<meta property=\"og:locale\" content=\"en_GB\" \/>\n<meta property=\"og:type\" content=\"article\" \/>\n<meta property=\"og:title\" content=\"Lukiovierailut - Legio Ostiensis ry\" \/>\n<meta property=\"og:description\" content=\"Esittelymateriaali lukiovierailuja varten.\" \/>\n<meta property=\"og:url\" content=\"https:\/\/legio.fi\/en\/lukiovierailut\/\" \/>\n<meta property=\"og:site_name\" content=\"Legio Ostiensis ry\" \/>\n<meta property=\"article:publisher\" content=\"https:\/\/www.facebook.com\/legioostiensis\/\" \/>\n<meta property=\"article:modified_time\" content=\"2025-03-16T18:44:58+00:00\" \/>\n<meta name=\"twitter:card\" content=\"summary_large_image\" \/>\n<meta name=\"twitter:site\" content=\"@legiory\" \/>\n<meta name=\"twitter:label1\" content=\"Estimated reading time\" \/>\n\t<meta name=\"twitter:data1\" content=\"1 minute\" \/>\n<script type=\"application\/ld+json\" class=\"yoast-schema-graph\">{\"@context\":\"https:\\\/\\\/schema.org\",\"@graph\":[{\"@type\":\"WebPage\",\"@id\":\"https:\\\/\\\/legio.fi\\\/lukiovierailut\\\/\",\"url\":\"https:\\\/\\\/legio.fi\\\/lukiovierailut\\\/\",\"name\":\"Lukiovierailut - Legio Ostiensis ry\",\"isPartOf\":{\"@id\":\"https:\\\/\\\/legio.fi\\\/#website\"},\"datePublished\":\"2022-07-08T22:39:59+00:00\",\"dateModified\":\"2025-03-16T18:44:58+00:00\",\"description\":\"Esittelymateriaali lukiovierailuja varten.\",\"breadcrumb\":{\"@id\":\"https:\\\/\\\/legio.fi\\\/lukiovierailut\\\/#breadcrumb\"},\"inLanguage\":\"en-GB\",\"potentialAction\":[{\"@type\":\"ReadAction\",\"target\":[\"https:\\\/\\\/legio.fi\\\/lukiovierailut\\\/\"]}]},{\"@type\":\"BreadcrumbList\",\"@id\":\"https:\\\/\\\/legio.fi\\\/lukiovierailut\\\/#breadcrumb\",\"itemListElement\":[{\"@type\":\"ListItem\",\"position\":1,\"name\":\"Etusivu\",\"item\":\"https:\\\/\\\/legio.fi\\\/\"},{\"@type\":\"ListItem\",\"position\":2,\"name\":\"Lukiovierailut\"}]},{\"@type\":\"WebSite\",\"@id\":\"https:\\\/\\\/legio.fi\\\/#website\",\"url\":\"https:\\\/\\\/legio.fi\\\/\",\"name\":\"Legio Ostiensis ry\",\"description\":\"Ainej\u00e4rjest\u00f6 Legio Ostiensis ry\",\"publisher\":{\"@id\":\"https:\\\/\\\/legio.fi\\\/#organization\"},\"potentialAction\":[{\"@type\":\"SearchAction\",\"target\":{\"@type\":\"EntryPoint\",\"urlTemplate\":\"https:\\\/\\\/legio.fi\\\/?s={search_term_string}\"},\"query-input\":{\"@type\":\"PropertyValueSpecification\",\"valueRequired\":true,\"valueName\":\"search_term_string\"}}],\"inLanguage\":\"en-GB\"},{\"@type\":\"Organization\",\"@id\":\"https:\\\/\\\/legio.fi\\\/#organization\",\"name\":\"Legio Ostiensis ry\",\"url\":\"https:\\\/\\\/legio.fi\\\/\",\"logo\":{\"@type\":\"ImageObject\",\"inLanguage\":\"en-GB\",\"@id\":\"https:\\\/\\\/legio.fi\\\/#\\\/schema\\\/logo\\\/image\\\/\",\"url\":\"https:\\\/\\\/legio.fi\\\/wp-content\\\/uploads\\\/2022\\\/06\\\/Punainen-Ei-taustaa-v2-Vekrori-1.svg\",\"contentUrl\":\"https:\\\/\\\/legio.fi\\\/wp-content\\\/uploads\\\/2022\\\/06\\\/Punainen-Ei-taustaa-v2-Vekrori-1.svg\",\"width\":2855,\"height\":1988,\"caption\":\"Legio Ostiensis ry\"},\"image\":{\"@id\":\"https:\\\/\\\/legio.fi\\\/#\\\/schema\\\/logo\\\/image\\\/\"},\"sameAs\":[\"https:\\\/\\\/www.facebook.com\\\/legioostiensis\\\/\",\"https:\\\/\\\/x.com\\\/legiory\",\"https:\\\/\\\/www.instagram.com\\\/legiory\",\"https:\\\/\\\/www.instagram.com\\\/legiorysport\\\/\",\"https:\\\/\\\/fi.linkedin.com\\\/company\\\/legioostiensis\",\"https:\\\/\\\/open.spotify.com\\\/show\\\/5TDVshWa67PMfAp0hY0F9A\",\"https:\\\/\\\/www.tiktok.com\\\/tag\\\/legiory\"]}]}<\/script>\n<!-- \/ Yoast SEO plugin. -->","yoast_head_json":{"title":"Lukiovierailut - Legio Ostiensis ry","description":"Esittelymateriaali lukiovierailuja varten.","robots":{"index":"index","follow":"follow","max-snippet":"max-snippet:-1","max-image-preview":"max-image-preview:large","max-video-preview":"max-video-preview:-1"},"canonical":"https:\/\/legio.fi\/en\/lukiovierailut\/","og_locale":"en_GB","og_type":"article","og_title":"Lukiovierailut - Legio Ostiensis ry","og_description":"Esittelymateriaali lukiovierailuja varten.","og_url":"https:\/\/legio.fi\/en\/lukiovierailut\/","og_site_name":"Legio Ostiensis ry","article_publisher":"https:\/\/www.facebook.com\/legioostiensis\/","article_modified_time":"2025-03-16T18:44:58+00:00","twitter_card":"summary_large_image","twitter_site":"@legiory","twitter_misc":{"Estimated reading time":"1 minute"},"schema":{"@context":"https:\/\/schema.org","@graph":[{"@type":"WebPage","@id":"https:\/\/legio.fi\/lukiovierailut\/","url":"https:\/\/legio.fi\/lukiovierailut\/","name":"Lukiovierailut - Legio Ostiensis ry","isPartOf":{"@id":"https:\/\/legio.fi\/#website"},"datePublished":"2022-07-08T22:39:59+00:00","dateModified":"2025-03-16T18:44:58+00:00","description":"Esittelymateriaali lukiovierailuja varten.","breadcrumb":{"@id":"https:\/\/legio.fi\/lukiovierailut\/#breadcrumb"},"inLanguage":"en-GB","potentialAction":[{"@type":"ReadAction","target":["https:\/\/legio.fi\/lukiovierailut\/"]}]},{"@type":"BreadcrumbList","@id":"https:\/\/legio.fi\/lukiovierailut\/#breadcrumb","itemListElement":[{"@type":"ListItem","position":1,"name":"Etusivu","item":"https:\/\/legio.fi\/"},{"@type":"ListItem","position":2,"name":"Lukiovierailut"}]},{"@type":"WebSite","@id":"https:\/\/legio.fi\/#website","url":"https:\/\/legio.fi\/","name":"Legio Ostiensis ry","description":"Ainej\u00e4rjest\u00f6 Legio Ostiensis ry","publisher":{"@id":"https:\/\/legio.fi\/#organization"},"potentialAction":[{"@type":"SearchAction","target":{"@type":"EntryPoint","urlTemplate":"https:\/\/legio.fi\/?s={search_term_string}"},"query-input":{"@type":"PropertyValueSpecification","valueRequired":true,"valueName":"search_term_string"}}],"inLanguage":"en-GB"},{"@type":"Organization","@id":"https:\/\/legio.fi\/#organization","name":"Legio Ostiensis ry","url":"https:\/\/legio.fi\/","logo":{"@type":"ImageObject","inLanguage":"en-GB","@id":"https:\/\/legio.fi\/#\/schema\/logo\/image\/","url":"https:\/\/legio.fi\/wp-content\/uploads\/2022\/06\/Punainen-Ei-taustaa-v2-Vekrori-1.svg","contentUrl":"https:\/\/legio.fi\/wp-content\/uploads\/2022\/06\/Punainen-Ei-taustaa-v2-Vekrori-1.svg","width":2855,"height":1988,"caption":"Legio Ostiensis ry"},"image":{"@id":"https:\/\/legio.fi\/#\/schema\/logo\/image\/"},"sameAs":["https:\/\/www.facebook.com\/legioostiensis\/","https:\/\/x.com\/legiory","https:\/\/www.instagram.com\/legiory","https:\/\/www.instagram.com\/legiorysport\/","https:\/\/fi.linkedin.com\/company\/legioostiensis","https:\/\/open.spotify.com\/show\/5TDVshWa67PMfAp0hY0F9A","https:\/\/www.tiktok.com\/tag\/legiory"]}]}},"_links":{"self":[{"href":"https:\/\/legio.fi\/en\/wp-json\/wp\/v2\/pages\/1212","targetHints":{"allow":["GET"]}}],"collection":[{"href":"https:\/\/legio.fi\/en\/wp-json\/wp\/v2\/pages"}],"about":[{"href":"https:\/\/legio.fi\/en\/wp-json\/wp\/v2\/types\/page"}],"author":[{"embeddable":true,"href":"https:\/\/legio.fi\/en\/wp-json\/wp\/v2\/users\/4"}],"replies":[{"embeddable":true,"href":"https:\/\/legio.fi\/en\/wp-json\/wp\/v2\/comments?post=1212"}],"version-history":[{"count":29,"href":"https:\/\/legio.fi\/en\/wp-json\/wp\/v2\/pages\/1212\/revisions"}],"predecessor-version":[{"id":4106,"href":"https:\/\/legio.fi\/en\/wp-json\/wp\/v2\/pages\/1212\/revisions\/4106"}],"wp:attachment":[{"href":"https:\/\/legio.fi\/en\/wp-json\/wp\/v2\/media?parent=1212"}],"curies":[{"name":"wp","href":"https:\/\/api.w.org\/{rel}","templated":true}]}}